{"id":40,"date":"2016-02-22T16:59:30","date_gmt":"2016-02-22T15:59:30","guid":{"rendered":"http:\/\/www.klassik-percussion.de\/de\/?page_id=40"},"modified":"2022-01-19T12:25:12","modified_gmt":"2022-01-19T11:25:12","slug":"pauke","status":"publish","type":"page","link":"https:\/\/www.klassik-percussion.de\/de\/pauke\/","title":{"rendered":"Berliner Kesselpauken"},"content":{"rendered":"<div id=\"start\" class=\"dkps_67column-l\">\r\n\t<div class=\"dkps_content-l\">\r\n\t\t<p>Ende der 50er Jahre begann G\u00fcnter Ringer die Dresdner Pauke weiterzuentwickeln. Der Feinstimmer kam auf die Spielerseite, die Pedalmechanik erhielt den langen Hebelarm, und der gusseiserne Rahmen wurde durch eine leichtere Aluminiumkonstruktion ersetzt. So entstand die Berliner Pauke, die noch heute Weltruf genie\u00dft. Doch Ringer verkaufte sein Unternehmen, so dass Berlin leider ein direkter Nachfolger verloren ging.\r\n\t\t<\/p>\r\n\t<\/div>\r\n<\/div>\r\n\r\n<div class=\"dkps_33column-r\">\r\n\t<div class=\"dkps_content-r\">\r\n\t\t<div class=\"dkps_buttonbox\">\r\n\t\t\t<a href=\"#pedalpauken\"><button class=\"dkps_navbutton\">Pedalpauken<\/button><\/a>\r\n\t\t\t<a href=\"#kammerpauken\"><button class=\"dkps_navbutton\">Kurbelpauken<\/button><\/a>\r\n\t\t\t<a href=\"#paukenservice\"><button class=\"dkps_navbutton\">Service<\/button><\/a>\r\n\t\t<\/div>\r\n\t<\/div>\r\n<\/div>\r\n \r\n<div class=\"dkps_klar dkps_abstand\"><\/div>\r\n\r\n\r\n<div id=\"pedalpauken\">\r\n\t<h1 class=\"entry-title\">D\u00d6RFLER Orchester-Pedalpauken<\/h1>\r\n\t<p>\r\n\t\tNach umfangreichen Recherchen, Versuchen und aufwendiger Entwicklungsarbeit haben wir das Ziel erreicht. Heute k\u00f6nnen wir Ihnen Kesselpauken anbieten, die das legend\u00e4re Ideal nicht nur erreicht haben, sondern es in einigen wichtigen Details sogar \u00fcbertreffen.\r\n\t<\/p>\r\n\t<a href=\"\/wp-content\/dkps_dateien\/sites\/2\/pauken-satz-elfenbein.jpg\" data-lbwps-width=\"1600\" data-lbwps-height=\"797\" data-lbwps-srcsmall=\"https:\/\/www.klassik-percussion.de\/de\/wp-content\/dkps_dateien\/sites\/2\/pauken-satz-elfenbein-300x149.jpg\" data-lbwps-caption=\"&lt;strong&gt;D\u00d6RFLER Orchester-Pedalpauken&lt;\/strong&gt;&lt;br \/&gt;\n4er Satz in internationaler Aufstellung\">\r\n\t\t<img decoding=\"async\" src=\"\/wp-content\/dkps_dateien\/sites\/2\/pauken-satz-elfenbein-vorschau.jpg\" class=\"dkps_keinrand\" alt=\"4er Paukensatz hell-elfenbein\" title=\"zum Vergr\u00f6\u00dfern bitte klicken\" \/>\r\n\t<\/a>\r\n\t<p>\r\n\t\t<strong>Kessel<\/strong><br>\r\n\t\tDas &raquo;Herzst\u00fcck&laquo; der Pauke ist der kupferne Kessel. Jeder f\u00fcr sich ist ein Unikat, das vom Zuschnitt bis zum fertigen Kessel ganz in Handarbeit geh\u00e4mmert wird. Die geringe und \u00fcber die gesamte Kesseloberfl\u00e4che gleichm\u00e4\u00dfige Materialst\u00e4rke, die je nach Kesselgr\u00f6\u00dfe variiert, erm\u00f6glicht ein besonders leichtes Anschwingen und das f\u00fcr die Berliner Pauke typische, in jeder Tonlage unerreichte Klangverhalten.\r\n\t<\/p>\r\n\t<p>\r\n\t\t<strong>Neuer Kessel-Rahmen-Verbund<\/strong><br>\r\n\t\tNur bei D\u00d6RFLER Pauken wird der Kesselrand direkt auf dem Kesselring geh\u00e4mmert. Dadurch ergibt sich eine unerreichte \u00dcbertragung der Schwingungen auf den Aluminiumrahmen. Das Klangverhalten des Kessels wird einerseits positiv unterst\u00fctzt, andererseits werden die Resonanzen auf den Podiumsboden weitergeleitet, der so als zus\u00e4tzlicher Resonanzfaktor genutzt wird.\r\n\t<\/p>\r\n\t<p>\r\n\t\t<strong>Mechanik<\/strong><br>\r\n\t\tDie bew\u00e4hrte Mechanik wird mit modernen Fertigungsmethoden in gr\u00f6\u00dfter Pr\u00e4zision gebaut und nach dem Hochglanz-Verchromen mit h\u00f6chster Passgenauigkeit von Hand zusammengebaut. Das Ergebnis unterst\u00fctzt Ihr Klangempfinden optimal. Zugleich geh\u00f6ren klappernde Feinstimmergriffe, schwerg\u00e4ngige Pedale und unregelm\u00e4\u00dfig geformte Buchstaben der Vergangenheit an.\r\n\t<\/p>\r\n\t\r\n\t<div class=\"dkps_50column-l\">\r\n\t\t<div class=\"dkps_content-l\">\r\n\t\t\t<div style=\"width: 482px\" class=\"wp-caption alignnone dkps_imgcaption\"><a href=\"\/wp-content\/dkps_dateien\/sites\/2\/pauken-stimmanzeige.jpg\" data-lbwps-width=\"1040\" data-lbwps-height=\"693\" data-lbwps-srcsmall=\"https:\/\/www.klassik-percussion.de\/de\/wp-content\/dkps_dateien\/sites\/2\/pauken-stimmanzeige-300x200.jpg\" data-lbwps-caption=\"&lt;strong&gt;D\u00d6RFLER Orchester-Pedalpauke&lt;\/strong&gt;&lt;br \/&gt;\nStimmanzeige\">\r\n\t\t\t\t<img decoding=\"async\" src=\"\/wp-content\/dkps_dateien\/sites\/2\/pauken-stimmanzeige.jpg\" alt=\"Stimmanzeige\" title=\"zum Vergr\u00f6\u00dfern bitte klicken\" \/>\r\n\t\t\t<\/a><p class=\"wp-caption-text\">Die gute Lesbarkeit der auf H\u00f6he des Druckringes installierten Stimmanzeige findet besonders im Opernorchester viel Anklang.<\/p><\/div>\r\n\t\t<\/div>\r\n\t<\/div>\r\n\t<div class=\"dkps_50column-r\">\r\n\t\t<div class=\"dkps_content-r\">\r\n\t\t\t<div style=\"width: 482px\" class=\"wp-caption alignnone dkps_imgcaption\"><a href=\"\/wp-content\/dkps_dateien\/sites\/2\/pauken-pedal.jpg\" data-lbwps-width=\"1040\" data-lbwps-height=\"693\" data-lbwps-srcsmall=\"https:\/\/www.klassik-percussion.de\/de\/wp-content\/dkps_dateien\/sites\/2\/pauken-pedal-300x200.jpg\" data-lbwps-caption=\"&lt;strong&gt;D\u00d6RFLER Orchester-Pedalpauke&lt;\/strong&gt;&lt;br \/&gt;\nFu\u00dfmechanik\">\r\n\t\t\t\t<img decoding=\"async\" src=\"\/wp-content\/dkps_dateien\/sites\/2\/pauken-pedal.jpg\" alt=\"Pedalsystem\" title=\"zum Vergr\u00f6\u00dfern bitte klicken\" \/>\r\n\t\t\t<\/a><p class=\"wp-caption-text\">Das wartungsfreie Zahnsegment der alten Berliner Pauke wurde um 30&percnt; verfeinert, wodurch das Stimmen noch pr\u00e4ziser wird.<\/p><\/div>\r\n\t\t<\/div>\r\n\t<\/div>\r\n\t<div class=\"dkps_klar dkps_abstand\"><\/div>\r\n\r\n\t<div class=\"dkps_50column-l\">\r\n\t\t<div class=\"dkps_content-l\">\r\n\t\t\t<h2>AUSSTATTUNG<\/h2>\r\n\t\t\t<ul>\r\n\t\t\t\t<li>deutsche oder internationale Aufstellung<\/li>\r\n\t\t\t\t<li>Zahnsegment Pedalarretierung mit extrem feiner Teilung<\/li>\r\n\t\t\t\t<li>tiefgew\u00f6lbte Kupferkessel, handgetrieben und handgeh\u00e4mmert<\/li>\r\n\t\t\t\t<li>alle Pauken gleiche Spielh\u00f6he 83 cm, andere H\u00f6hen auf Anfrage<\/li>\r\n\t\t\t\t<li>Fellschutzdeckel mit Klettverschl\u00fcssen<\/li>\r\n\t\t\t\t<li>Bodenstellschrauben<\/li>\r\n\t\t\t\t<li>Feinstimmer mit 10-fach Rastung<\/li>\r\n\t\t\t\t<li>Stimmanzeige<\/li>\r\n\t\t\t\t<li>Lackierung schwarz-blau, rot-braun oder hell-elfenbein, andere Farben auf Anfrage<\/li>\r\n\t\t\t<\/ul>\r\n\t\t\t<h3>Zusatz-Ausstattung<\/h3>\r\n\t\t\t<ul>\r\n\t\t\t\t<li>4 Fell-Arretierungen<\/li>\r\n\t\t\t\t<li>Pauke auf 4 Lenk- und Bremsrollen, Spielh\u00f6he 93 cm<\/li>\r\n\t\t\t\t<li>Fahrwerk, 3 R\u00e4der zentral einziehbar<\/li>\r\n\t\t\t\t<li>Pauken umbaubar deutsche &#10231; internationale Aufstellung<\/li>\r\n\t\t\t\t<li>Flightcase<\/li>\r\n\t\t\t<\/ul>\r\n\t\t<\/div>\r\n\t<\/div>\r\n\t<div class=\"dkps_50column-r\">\r\n\t\t<div class=\"dkps_content-r\">\r\n\t\t\t<h2>GR\u00d6SSEN<\/h2>\r\n\t\t\t<table>\r\n\t\t\t\t<tbody>\r\n\t\t\t\t\t<tr>\r\n\t\t\t\t\t\t<th colspan=\"2\">Kesselma\u00df<\/th>\r\n\t\t\t\t\t\t<th>Tonumfang<\/th>\r\n\t\t\t\t\t<\/tr>\r\n\t\t\t\t\t<tr>\r\n\t\t\t\t\t\t<td>52 cm<\/td>\r\n\t\t\t\t\t\t<td>20&quot;<\/td>\r\n\t\t\t\t\t\t<td>f &ndash; c<\/td>\r\n\t\t\t\t\t<\/tr>\r\n\t\t\t\t\t<tr>\r\n\t\t\t\t\t\t<td>54 cm<\/td>\r\n\t\t\t\t\t\t<td>21&quot;<\/td>\r\n\t\t\t\t\t\t<td>e &ndash; b<\/td>\r\n\t\t\t\t\t<\/tr>\r\n\t\t\t\t\t<tr>\r\n\t\t\t\t\t\t<td>58 cm<\/td>\r\n\t\t\t\t\t\t<td>23&quot;<\/td>\r\n\t\t\t\t\t\t<td>d &ndash; a<\/td>\r\n\t\t\t\t\t<\/tr>\r\n\t\t\t\t\t<tr>\r\n\t\t\t\t\t\t<td><strong>60 cm<\/strong><\/td>\r\n\t\t\t\t\t\t<td><strong>24&quot;<\/strong><\/td>\r\n\t\t\t\t\t\t<td><strong>d &ndash; g&#35;<\/strong><\/td>\r\n\t\t\t\t\t<\/tr>\r\n\t\t\t\t\t<tr>\r\n\t\t\t\t\t\t<td><strong>64 cm<\/strong><\/td>\r\n\t\t\t\t\t\t<td><strong>25&quot;<\/strong><\/td>\r\n\t\t\t\t\t\t<td><strong>H &ndash; g<\/strong><\/td>\r\n\t\t\t\t\t<\/tr>\r\n\t\t\t\t\t<tr>\r\n\t\t\t\t\t\t<td><strong>66 cm<\/strong><\/td>\r\n\t\t\t\t\t\t<td><strong>26&quot;<\/strong><\/td>\r\n\t\t\t\t\t\t<td><strong>A &ndash; f<\/strong><\/td>\r\n\t\t\t\t\t<\/tr>\r\n\t\t\t\t\t<tr>\r\n\t\t\t\t\t\t<td><strong>72 cm<\/strong><\/td>\r\n\t\t\t\t\t\t<td><strong>28&quot;<\/strong><\/td>\r\n\t\t\t\t\t\t<td><strong>E &ndash; e<\/strong><\/td>\r\n\t\t\t\t\t<\/tr>\r\n\t\t\t\t\t<tr>\r\n\t\t\t\t\t\t<td>74 cm<\/td>\r\n\t\t\t\t\t\t<td>29&quot;<\/td>\r\n\t\t\t\t\t\t<td>E &ndash; d<\/td>\r\n\t\t\t\t\t<\/tr>\r\n\t\t\t\t\t<tr>\r\n\t\t\t\t\t\t<td><strong>78 cm<\/strong><\/td>\r\n\t\t\t\t\t\t<td><strong>30&quot;<\/strong><\/td>\r\n\t\t\t\t\t\t<td><strong>D &ndash; c<\/strong><\/td>\r\n\t\t\t\t\t<\/tr>\r\n\t\t\t\t\t<tr>\r\n\t\t\t\t\t\t<td>80 cm<\/td>\r\n\t\t\t\t\t\t<td>31&quot;<\/td>\r\n\t\t\t\t\t\t<td>C &ndash; h<\/td>\r\n\t\t\t\t\t<\/tr>\r\n\t\t\t\t\t<tr>\r\n\t\t\t\t\t\t<td>82 cm<\/td>\r\n\t\t\t\t\t\t<td>32&quot;<\/td>\r\n\t\t\t\t\t\t<td>H &ndash; H<\/td>\r\n\t\t\t\t\t<\/tr>\r\n\t\t\t\t<\/tbody>\r\n\t\t\t<\/table>\r\n\t\t\t<p>Individuelle Kesselgr\u00f6\u00dfen auf Wunsch<\/p>\r\n\t\t<\/div>\r\n\t<\/div>\r\n\t<div class=\"dkps_klar dkps_abstand\"><\/div>\r\n<\/div>\r\n\r\n<hr>\r\n\r\n<div id=\"kammerpauken\">\r\n\t<h1 class=\"entry-title\">D\u00d6RFLER Kammer-Kurbelpauken<\/h1>\r\n\t<div class=\"dkps_50column-l\">\r\n\t\t<div class=\"dkps_content-l\">\r\n\t\t\t<a href=\"\/wp-content\/dkps_dateien\/sites\/2\/pauken-barock.jpg\" data-lbwps-width=\"1040\" data-lbwps-height=\"693\" data-lbwps-srcsmall=\"https:\/\/www.klassik-percussion.de\/de\/wp-content\/dkps_dateien\/sites\/2\/pauken-barock-300x200.jpg\" data-lbwps-caption=\"&lt;strong&gt;D\u00d6RFLER Kammerorchester-Kurbelpauken&lt;\/strong&gt;\">\r\n\t\t\t\t<img decoding=\"async\" src=\"\/wp-content\/dkps_dateien\/sites\/2\/pauken-barock.jpg\" alt=\"D\u00d6RFLER Kammerorchester-Kurbelpauken\" title=\"zum Vergr\u00f6\u00dfern bitte klicken\" \/>\r\n\t\t\t<\/a>\r\n\t\t<\/div>\r\n\t<\/div>\r\n\t<div class=\"dkps_50column-r\">\r\n\t\t<div class=\"dkps_content-r\">\r\n\t\t\t<p class=\"dkps_buendig\">\r\n\t\t\t\tDas gleiche handwerkliche Know-How, das in der Produktion unserer Pedalpauken zum Einsatz kommt, wenden wir auch auf unsere Kurbelpauken an und passen es den speziellen Bed\u00fcrfnissen an.\r\n\t\t\t<\/p>\r\n\t\t\t<p>\r\n\t\t\t\tNicht immer ist der gro\u00dfe romantische Klang unserer Orchester-Pedalpauken verlangt. Kammermusikalische Besetzungen bis zur fr\u00fchen Klassik erfordern einen filigranen Klang mit perkussiverem Attack.\r\n\t\t\t<\/p>\r\n\t\t\t<p>\r\n\t\t\t\tBeides bieten D\u00d6RFLER Kammerorchester-Pauken mit ihren speziell entwickelten kleineren und flacheren Kesselma\u00dfen. Zudem integrieren sie sich durch die zur\u00fcckhaltendere Optik mit reduzierter Spielh\u00f6he perfekt in kleinere Orchester.\r\n\t\t\t<\/p>\r\n\t\t<\/div>\r\n\t<\/div>\r\n\t<div class=\"dkps_klar dkps_abstand\"><\/div>\r\n\t\r\n\t<div class=\"dkps_50column-l\">\r\n\t\t<div class=\"dkps_content-l\">\r\n\t\t\t<h2>AUSSTATTUNG<\/h2>\r\n\t\t\t<ul>\r\n\t\t\t\t<li>Handkurbel, einstellbar<\/li>\r\n\t\t\t\t<li>flache Kupferkessel, handgetrieben und handgeh\u00e4mmert<\/li>\r\n\t\t\t\t<li>Spielh\u00f6he 77 cm, andere H\u00f6hen auf Anfrage<\/li>\r\n\t\t\t\t<li>Fellschutzdeckel mit Klettverschl\u00fcssen<\/li>\r\n\t\t\t\t<li>Bodenstellschrauben<\/li>\r\n\t\t\t\t<li>Kalbs- oder Ziegenfelle nach Wahl<\/li>\r\n\t\t\t\t<li>Lackierung hell-elfenbein, blau-schwarz oder rot-braun, andere Farben auf Anfrage<\/li>\r\n\t\t\t<\/ul>\r\n\t\t\t<h3>Zusatz-Ausstattung<\/h3>\r\n\t\t\t<ul>\r\n\t\t\t\t<li>4 Fell-Arretierungen<\/li>\r\n\t\t\t\t<li>Pauke auf 4 Lenk- und Bremsrollen, Spielh\u00f6he 87 cm<\/li>\r\n\t\t\t\t<li>Flightcase<\/li>\r\n\t\t\t<\/ul>\r\n\t\t<\/div>\r\n\t<\/div>\r\n\t<div class=\"dkps_50column-r\">\r\n\t\t<div class=\"dkps_content-r\">\r\n\t\t\t<h2>GR\u00d6SSEN<\/h2>\r\n\t\t\t<table>\r\n\t\t\t\t<tbody>\r\n\t\t\t\t\t<tr>\r\n\t\t\t\t\t\t<th colspan=\"2\">Kesselma\u00df<\/th>\r\n\t\t\t\t\t<\/tr>\r\n\t\t\t\t\t<tr>\r\n\t\t\t\t\t\t<td>54 cm<\/td>\r\n\t\t\t\t\t\t<td>21&quot;<\/td>\r\n\t\t\t\t\t<\/tr>\r\n\t\t\t\t\t<tr>\r\n\t\t\t\t\t\t<td>58 cm<\/td>\r\n\t\t\t\t\t\t<td>23&quot;<\/td>\r\n\t\t\t\t\t<\/tr>\r\n\t\t\t\t\t<tr>\r\n\t\t\t\t\t\t<td><strong>60 cm<\/strong><\/td>\r\n\t\t\t\t\t\t<td><strong>24&quot;<\/strong><\/td>\r\n\t\t\t\t\t<\/tr>\r\n\t\t\t\t\t<tr>\r\n\t\t\t\t\t\t<td>64 cm<\/td>\r\n\t\t\t\t\t\t<td>25&quot;<\/td>\r\n\t\t\t\t\t<\/tr>\r\n\t\t\t\t\t<tr>\r\n\t\t\t\t\t\t<td><strong>66 cm<\/strong><\/td>\r\n\t\t\t\t\t\t<td><strong>26&quot;<\/strong><\/td>\r\n\t\t\t\t\t<\/tr>\r\n\t\t\t\t\t<tr>\r\n\t\t\t\t\t\t<td>72 cm<\/td>\r\n\t\t\t\t\t\t<td>28&quot;<\/td>\r\n\t\t\t\t\t<\/tr>\r\n\t\t\t\t<\/tbody>\r\n\t\t\t<\/table>\r\n\t\t\t<p>Individuelle Kesselgr\u00f6\u00dfen auf Wunsch<\/p>\r\n\t\t<\/div>\r\n\t<\/div>\r\n\t<div class=\"dkps_klar dkps_abstand\"><\/div>\r\n<hr>\r\n\r\n<div id=\"paukenservice\">\r\n\t<h1 class=\"entry-title\">Pauken-Service, Reparatur &amp; Restaurierung<\/h1>\r\n\t<div class=\"dkps_50column-l\">\r\n\t\t<div class=\"dkps_content-l\">\r\n\t\t\t<div style=\"width: 482px\" class=\"wp-caption alignnone dkps_imgcaption\"><a href=\"\/wp-content\/dkps_dateien\/sites\/2\/pauken-umbau-01.jpg\" data-lbwps-width=\"1040\" data-lbwps-height=\"758\" data-lbwps-srcsmall=\"https:\/\/www.klassik-percussion.de\/de\/wp-content\/dkps_dateien\/sites\/2\/pauken-umbau-01-300x219.jpg\" data-lbwps-caption=\"Umgebaute Dresdner Pauken mit neuer Pedalmechanik\">\r\n\t\t\t\t<img decoding=\"async\" src=\"\/wp-content\/dkps_dateien\/sites\/2\/pauken-umbau-01.jpg\" alt=\"Umgebaute Dresdner Pauken\" title=\"zum Vergr\u00f6\u00dfern bitte klicken\" \/>\r\n\t\t\t<\/a><p class=\"wp-caption-text\">Umgebaute Dresdner Pauken mit neuer Pedalmechanik<\/p><\/div>\r\n\t\t<\/div>\r\n\t<\/div>\r\n\t<div class=\"dkps_50column-r\">\r\n\t\t<div class=\"dkps_content-r\">\r\n\t\t\t<p class=\"dkps_buendig\">\r\n\t\t\t\tGesamter professioneller Service rund um Pauken aller Hersteller, angefangen bei der fachgem\u00e4\u00dfen Wartung und dem Aufziehen von Naturfellen, \u00fcber sorgf\u00e4ltige Reparaturen, bis hin zur kompletten \u00dcberholung und Restaurierung moderner sowie historischer Instrumente.\r\n\t\t\t<\/p>\r\n\t\t<\/div>\r\n\t<\/div>\r\n\t<div class=\"dkps_klar\"><\/div>\r\n\t\r\n\t<div class=\"dkps_50column-l\">\r\n\t\t<div class=\"dkps_content-l\">\r\n\t\t\t<div style=\"width: 482px\" class=\"wp-caption alignnone dkps_imgcaption\"><a href=\"\/wp-content\/dkps_dateien\/sites\/2\/pauken-umbau-02.jpg\" data-lbwps-width=\"1040\" data-lbwps-height=\"693\" data-lbwps-srcsmall=\"https:\/\/www.klassik-percussion.de\/de\/wp-content\/dkps_dateien\/sites\/2\/pauken-umbau-02-300x200.jpg\" data-lbwps-caption=\"Neues Zahnsegment mit feinerer Teilung\">\r\n\t\t\t\t<img decoding=\"async\" src=\"\/wp-content\/dkps_dateien\/sites\/2\/pauken-umbau-02.jpg\" alt=\"Zahnsegmente vorher-nachher\" title=\"zum Vergr\u00f6\u00dfern bitte klicken\" \/>\r\n\t\t\t<\/a><p class=\"wp-caption-text\">Neues Zahnsegment mit feinerer Teilung<\/p><\/div>\r\n\t\t<\/div>\r\n\t<\/div>\r\n\t<div class=\"dkps_50column-r\">\r\n\t\t<div class=\"dkps_content-r\">\r\n\t\t\t<div style=\"width: 482px\" class=\"wp-caption alignnone dkps_imgcaption\"><a href=\"\/wp-content\/dkps_dateien\/sites\/2\/pauken-umbau-03.jpg\" data-lbwps-width=\"1040\" data-lbwps-height=\"693\" data-lbwps-srcsmall=\"https:\/\/www.klassik-percussion.de\/de\/wp-content\/dkps_dateien\/sites\/2\/pauken-umbau-03-300x200.jpg\" data-lbwps-caption=\"Aufarbeitung und Politur von Kupferkesseln\">\r\n\t\t\t\t<img decoding=\"async\" src=\"\/wp-content\/dkps_dateien\/sites\/2\/pauken-umbau-03.jpg\" alt=\"Kupferkessel vorher-nachher\" title=\"zum Vergr\u00f6\u00dfern bitte klicken\" \/>\r\n\t\t\t<\/a><p class=\"wp-caption-text\">Aufarbeitung und Politur von Kupferkesseln<\/p><\/div>\r\n\t\t<\/div>\r\n\t<\/div>\r\n\t<div class=\"dkps_klar dkps_abstand\"><\/div>\r\n<\/div>","protected":false},"excerpt":{"rendered":"<p>Ende der 50er Jahre begann G\u00fcnter Ringer die Dresdner Pauke weiterzuentwickeln. Der Feinstimmer kam auf die Spielerseite, die Pedalmechanik erhielt den langen Hebelarm, und der gusseiserne Rahmen wurde durch eine leichtere Aluminiumkonstruktion ersetzt. So entstand die Berliner Pauke, die noch heute Weltruf genie\u00dft. Doch Ringer verkaufte sein Unternehmen, so dass Berlin leider ein direkter Nachfolger [&hellip;]<\/p>\n","protected":false},"author":1,"featured_media":0,"parent":0,"menu_order":0,"comment_status":"closed","ping_status":"closed","template":"page-templates\/full-width.php","meta":{"footnotes":""},"class_list":["post-40","page","type-page","status-publish","hentry"],"_links":{"self":[{"href":"https:\/\/www.klassik-percussion.de\/de\/wp-json\/wp\/v2\/pages\/40","targetHints":{"allow":["GET"]}}],"collection":[{"href":"https:\/\/www.klassik-percussion.de\/de\/wp-json\/wp\/v2\/pages"}],"about":[{"href":"https:\/\/www.klassik-percussion.de\/de\/wp-json\/wp\/v2\/types\/page"}],"author":[{"embeddable":true,"href":"https:\/\/www.klassik-percussion.de\/de\/wp-json\/wp\/v2\/users\/1"}],"replies":[{"embeddable":true,"href":"https:\/\/www.klassik-percussion.de\/de\/wp-json\/wp\/v2\/comments?post=40"}],"version-history":[{"count":24,"href":"https:\/\/www.klassik-percussion.de\/de\/wp-json\/wp\/v2\/pages\/40\/revisions"}],"predecessor-version":[{"id":1775,"href":"https:\/\/www.klassik-percussion.de\/de\/wp-json\/wp\/v2\/pages\/40\/revisions\/1775"}],"wp:attachment":[{"href":"https:\/\/www.klassik-percussion.de\/de\/wp-json\/wp\/v2\/media?parent=40"}],"curies":[{"name":"wp","href":"https:\/\/api.w.org\/{rel}","templated":true}]}}