{"id":21,"date":"2016-02-15T15:55:54","date_gmt":"2016-02-15T14:55:54","guid":{"rendered":"http:\/\/www.klassik-percussion.de\/de\/?page_id=21"},"modified":"2022-02-22T13:54:06","modified_gmt":"2022-02-22T12:54:06","slug":"kontakt","status":"publish","type":"page","link":"https:\/\/www.klassik-percussion.de\/de\/kontakt\/","title":{"rendered":"Kontakt"},"content":{"rendered":"<div class=\"dkps_abstand\">\r\n\t<p>\r\n\t\t<strong>D\u00d6RFLER Klassik Percussion &amp; Service<\/strong><br>\r\n\t\tGoerzallee 309<br>\r\n\t\t14167 Berlin<br>\r\n\t\t<em>Um telefonische Voranmeldung wird gebeten.<\/em>\r\n\t<\/p>\r\n\r\n\t<p>\r\n\t\tTelefon: +49 (0)30 \/ 6214390<br>\r\n\t\tFax: +49 (0)30 \/ 6214391<br>\r\n\t\tE-Mail: <a href=\"mailto:mail@klassik-percussion.de\">mail@klassik-percussion.de<\/a>\r\n\t<\/p>\r\n<\/div>\r\n\r\n<div class=\"dkps_abstand\">\r\n\t<h4 class=\"dkps_facebook-header\">\r\n\t\t<a href=\"https:\/\/www.facebook.com\/553749764692142\/\" target=\"_blank\" title=\"D\u00d6RFLER Klassik Percussion bei Facebook\" rel=\"noopener\">\r\n\t\t\t<img decoding=\"async\" class=\"dkps_facebook-logo dkps_keinrand alignleft\" src=\"\/wp-content\/dkps_dateien\/sites\/2\/facebook-logo.jpg\" alt=\"Facebook-Logo\" \/>\r\n\t\t\tBesuchen Sie uns auch bei <u>Facebook<\/u>!\r\n\t\t<\/a>\r\n\t<\/h4>\r\n<\/div>\r\n\r\n<div>\r\n\t<div class=\"wpforms-container dkps_formular\" id=\"wpforms-1208\"><form id=\"wpforms-form-1208\" class=\"wpforms-validate wpforms-form\" data-formid=\"1208\" method=\"post\" enctype=\"multipart\/form-data\" action=\"\/de\/wp-json\/wp\/v2\/pages\/21\" data-token=\"f382e4f22dc761cd15b1d1a4d13b6d44\" data-token-time=\"1776876319\"><div class=\"wpforms-head-container\"><div class=\"wpforms-title\">Kontaktformular<\/div><\/div><noscript class=\"wpforms-error-noscript\">Bitte aktiviere JavaScript in deinem Browser, um dieses Formular fertigzustellen.<\/noscript><div class=\"wpforms-field-container\"><div id=\"wpforms-1208-field_0-container\" class=\"wpforms-field wpforms-field-name\" data-field-id=\"0\"><label class=\"wpforms-field-label\" for=\"wpforms-1208-field_0\">Name <span class=\"wpforms-required-label\">*<\/span><\/label><div class=\"wpforms-field-row wpforms-field-large\"><div class=\"wpforms-field-row-block wpforms-first wpforms-one-half\"><input type=\"text\" id=\"wpforms-1208-field_0\" class=\"wpforms-field-name-first wpforms-field-required\" name=\"wpforms[fields][0][first]\" placeholder=\"Vorname\" required><label for=\"wpforms-1208-field_0\" class=\"wpforms-field-sublabel after wpforms-sublabel-hide\">Vorname<\/label><\/div><div class=\"wpforms-field-row-block wpforms-one-half\"><input type=\"text\" id=\"wpforms-1208-field_0-last\" class=\"wpforms-field-name-last wpforms-field-required\" name=\"wpforms[fields][0][last]\" placeholder=\"Nachname\" required><label for=\"wpforms-1208-field_0-last\" class=\"wpforms-field-sublabel after wpforms-sublabel-hide\">Nachname<\/label><\/div><\/div><\/div><div id=\"wpforms-1208-field_1-container\" class=\"wpforms-field wpforms-field-email\" data-field-id=\"1\"><label class=\"wpforms-field-label\" for=\"wpforms-1208-field_1\">E-Mail-Adresse <span class=\"wpforms-required-label\">*<\/span><\/label><input type=\"email\" id=\"wpforms-1208-field_1\" class=\"wpforms-field-large wpforms-field-required\" name=\"wpforms[fields][1]\" spellcheck=\"false\" required><\/div><div id=\"wpforms-1208-field_3-container\" class=\"wpforms-field wpforms-field-text\" data-field-id=\"3\"><label class=\"wpforms-field-label\" for=\"wpforms-1208-field_3\">Orchester \/ Institution<\/label><input type=\"text\" id=\"wpforms-1208-field_3\" class=\"wpforms-field-large\" name=\"wpforms[fields][3]\" ><\/div><div id=\"wpforms-1208-field_4-container\" class=\"wpforms-field wpforms-field-text\" data-field-id=\"4\"><label class=\"wpforms-field-label\" for=\"wpforms-1208-field_4\">Stra\u00dfe, Hausnummer<\/label><input type=\"text\" id=\"wpforms-1208-field_4\" class=\"wpforms-field-large\" name=\"wpforms[fields][4]\" ><\/div><div id=\"wpforms-1208-field_6-container\" class=\"wpforms-field wpforms-field-text\" data-field-id=\"6\"><label class=\"wpforms-field-label\" for=\"wpforms-1208-field_6\">Postleitzahl<\/label><input type=\"text\" id=\"wpforms-1208-field_6\" class=\"wpforms-field-large\" name=\"wpforms[fields][6]\" ><\/div><div id=\"wpforms-1208-field_12-container\" class=\"wpforms-field wpforms-field-text\" data-field-id=\"12\"><label class=\"wpforms-field-label\" for=\"wpforms-1208-field_12\">Ort<\/label><input type=\"text\" id=\"wpforms-1208-field_12\" class=\"wpforms-field-large\" name=\"wpforms[fields][12]\" ><\/div><div id=\"wpforms-1208-field_11-container\" class=\"wpforms-field wpforms-field-text\" data-field-id=\"11\"><label class=\"wpforms-field-label\" for=\"wpforms-1208-field_11\">Land<\/label><input type=\"text\" id=\"wpforms-1208-field_11\" class=\"wpforms-field-large\" name=\"wpforms[fields][11]\" ><\/div><div id=\"wpforms-1208-field_14-container\" class=\"wpforms-field wpforms-field-text\" data-field-id=\"14\"><label class=\"wpforms-field-label\" for=\"wpforms-1208-field_14\">Telefonnummer<\/label><input type=\"text\" id=\"wpforms-1208-field_14\" class=\"wpforms-field-large\" name=\"wpforms[fields][14]\" ><\/div><div id=\"wpforms-1208-field_2-container\" class=\"wpforms-field wpforms-field-textarea\" data-field-id=\"2\"><label class=\"wpforms-field-label\" for=\"wpforms-1208-field_2\">Ihre Nachricht <span class=\"wpforms-required-label\">*<\/span><\/label><textarea id=\"wpforms-1208-field_2\" class=\"wpforms-field-large wpforms-field-required\" name=\"wpforms[fields][2]\" required><\/textarea><\/div><div id=\"wpforms-1208-field_9-container\" class=\"wpforms-field wpforms-field-checkbox\" data-field-id=\"9\"><label class=\"wpforms-field-label\">Datenschutz <span class=\"wpforms-required-label\">*<\/span><\/label><ul id=\"wpforms-1208-field_9\" class=\"wpforms-field-required\"><li class=\"choice-1 depth-1\"><input type=\"checkbox\" id=\"wpforms-1208-field_9_1\" name=\"wpforms[fields][9][]\" value=\"Ich bin damit einverstanden, dass die von mir eingegebenen Daten an D\u00d6RFLER Klassik Percussion &amp; Service \u00fcbermittelt werden.&lt;br&gt;&lt;br&gt;&lt;p&gt;&lt;i&gt;Ihre personenbezogenen Daten verwendet D\u00d6RFLER Klassik Percussion &amp; Service ausschlie\u00dflich zur Bearbeitung Ihrer konkreten Anfrage beziehungsweise Ihres Auftrags. Wir verarbeiten Ihre Daten gem\u00e4\u00df den Bestimmungen der Europ\u00e4ischen Datenschutzverordnung (DSGVO) und den jeweiligen nationalen Datenschutzgesetzen. Es erfolgt keine Weitergabe Ihrer personenbezogenen Daten an Dritte. Sollten Sie mit der elektronischen \u00dcbermittlung Ihrer Daten nicht einverstanden sein, kontaktieren Sie uns bitte auf anderem Wege, z.B. telefonisch, per Fax oder auf dem Postweg.&lt;\/p&gt;  &lt;p&gt;N\u00e4here Informationen finden Sie in unserer &lt;a href=&quot;\/index.php\/de\/datenschutz\/&quot; target=&quot;_blank&quot;&gt;Datenschutzerkl\u00e4rung&lt;\/a&gt;.&lt;\/i&gt;&lt;\/p&gt;\" required ><label class=\"wpforms-field-label-inline\" for=\"wpforms-1208-field_9_1\">Ich bin damit einverstanden, dass die von mir eingegebenen Daten an D\u00d6RFLER Klassik Percussion &amp; Service \u00fcbermittelt werden.<br><br><p><i>Ihre personenbezogenen Daten verwendet D\u00d6RFLER Klassik Percussion &amp; Service ausschlie\u00dflich zur Bearbeitung Ihrer konkreten Anfrage beziehungsweise Ihres Auftrags. Wir verarbeiten Ihre Daten gem\u00e4\u00df den Bestimmungen der Europ\u00e4ischen Datenschutzverordnung (DSGVO) und den jeweiligen nationalen Datenschutzgesetzen. Es erfolgt keine Weitergabe Ihrer personenbezogenen Daten an Dritte. Sollten Sie mit der elektronischen \u00dcbermittlung Ihrer Daten nicht einverstanden sein, kontaktieren Sie uns bitte auf anderem Wege, z.B. telefonisch, per Fax oder auf dem Postweg.<\/p>  <p>N\u00e4here Informationen finden Sie in unserer <a href=\"\/index.php\/de\/datenschutz\/\" target=\"_blank\">Datenschutzerkl\u00e4rung<\/a>.<\/i><\/p><\/label><\/li><\/ul><\/div><\/div><!-- .wpforms-field-container --><div class=\"wpforms-field wpforms-field-hp\"><label for=\"wpforms-1208-field-hp\" class=\"wpforms-field-label\">Phone<\/label><input type=\"text\" name=\"wpforms[hp]\" id=\"wpforms-1208-field-hp\" class=\"wpforms-field-medium\"><\/div><div class=\"wpforms-submit-container\" ><input type=\"hidden\" name=\"wpforms[id]\" value=\"1208\"><input type=\"hidden\" name=\"page_title\" value=\"\"><input type=\"hidden\" name=\"page_url\" value=\"https:\/\/www.klassik-percussion.de\/de\/wp-json\/wp\/v2\/pages\/21\"><input type=\"hidden\" name=\"url_referer\" value=\"\"><button type=\"submit\" name=\"wpforms[submit]\" id=\"wpforms-submit-1208\" class=\"wpforms-submit dkps_formularbutton\" data-alt-text=\"Sende...\" data-submit-text=\"Senden\" aria-live=\"assertive\" value=\"wpforms-submit\">Senden<\/button><\/div><\/form><\/div>  <!-- .wpforms-container -->\r\n<\/div>","protected":false},"excerpt":{"rendered":"<p>D\u00d6RFLER Klassik Percussion &amp; Service Goerzallee 309 14167 Berlin Um telefonische Voranmeldung wird gebeten. Telefon: +49 (0)30 \/ 6214390 Fax: +49 (0)30 \/ 6214391 E-Mail: mail@klassik-percussion.de Besuchen Sie uns auch bei Facebook!<\/p>\n","protected":false},"author":1,"featured_media":0,"parent":0,"menu_order":0,"comment_status":"closed","ping_status":"closed","template":"page-templates\/full-width.php","meta":{"footnotes":""},"class_list":["post-21","page","type-page","status-publish","hentry"],"_links":{"self":[{"href":"https:\/\/www.klassik-percussion.de\/de\/wp-json\/wp\/v2\/pages\/21","targetHints":{"allow":["GET"]}}],"collection":[{"href":"https:\/\/www.klassik-percussion.de\/de\/wp-json\/wp\/v2\/pages"}],"about":[{"href":"https:\/\/www.klassik-percussion.de\/de\/wp-json\/wp\/v2\/types\/page"}],"author":[{"embeddable":true,"href":"https:\/\/www.klassik-percussion.de\/de\/wp-json\/wp\/v2\/users\/1"}],"replies":[{"embeddable":true,"href":"https:\/\/www.klassik-percussion.de\/de\/wp-json\/wp\/v2\/comments?post=21"}],"version-history":[{"count":9,"href":"https:\/\/www.klassik-percussion.de\/de\/wp-json\/wp\/v2\/pages\/21\/revisions"}],"predecessor-version":[{"id":1811,"href":"https:\/\/www.klassik-percussion.de\/de\/wp-json\/wp\/v2\/pages\/21\/revisions\/1811"}],"wp:attachment":[{"href":"https:\/\/www.klassik-percussion.de\/de\/wp-json\/wp\/v2\/media?parent=21"}],"curies":[{"name":"wp","href":"https:\/\/api.w.org\/{rel}","templated":true}]}}