{"id":2,"date":"2016-01-29T13:04:08","date_gmt":"2016-01-29T12:04:08","guid":{"rendered":"http:\/\/www.klassik-percussion.de\/de\/?page_id=2"},"modified":"2022-02-18T13:37:17","modified_gmt":"2022-02-18T12:37:17","slug":"home","status":"publish","type":"page","link":"https:\/\/www.klassik-percussion.de\/de\/","title":{"rendered":"D\u00d6RFLER <br class=\"dkps_umbruch\">Klassik Percussion &#038; Service"},"content":{"rendered":"<!-- 1. Abschnitt, Einleitung -->\r\n<div id=\"start\" class=\"dkps_abstand-doppelt\">\t\r\n\t<p>wurde 1991 von Christoph D\u00f6rfler gegr\u00fcndet, nachdem er sein Schlagwerk-Studium an der HdK bei Prof. Oswald Vogler und an der Orchesterakademie der Berliner Philharmoniker abgeschlossen hatte. Seine Erfahrungen als Musiker sind die Voraussetzung, um Ihnen Instrumente zu liefern, die Ihrer Klangvorstellung und dem vorgesehenen Einsatzzweck entsprechen. D\u00d6RFLER Klassik Percussion &amp; Service ist heute der f\u00fchrende deutsche Hersteller von erstklassigen Orchester-Pauken und Konzert-Trommeln. Vom Musiker f\u00fcr Musiker.\r\n\t<\/p>\r\n\t<div style=\"width: 970px\" class=\"wp-caption alignnone dkps_imgcaption\"><a href=\"\/wp-content\/dkps_dateien\/sites\/2\/pauken-philharmonie-gross.jpg\" data-lbwps-width=\"1800\" data-lbwps-height=\"1440\" data-lbwps-srcsmall=\"https:\/\/www.klassik-percussion.de\/de\/wp-content\/dkps_dateien\/sites\/2\/pauken-philharmonie-gross-300x240.jpg\" data-lbwps-caption=\"&lt;strong&gt;D\u00d6RFLER Orchester-Pedalpauken&lt;\/strong&gt;&lt;br \/&gt;\n4er-Satz in deutscher Aufstellung\">\r\n\t\t\t<img decoding=\"async\" class=\"size-full aligncenter\" src=\"\/wp-content\/dkps_dateien\/sites\/2\/pauken-philharmonie-vorschau.jpg\" alt=\"D\u00d6RFLER Orchester Pedalpauken Berliner Philharmoniker\" title=\"zum Vergr\u00f6\u00dfern bitte klicken\" \/>\r\n\t\t<\/a><p class=\"wp-caption-text\">D\u00d6RFLER Orchester-Pedalpauken<\/p><\/div>\r\n<\/div>\r\n<!-- ENDE Einleitung -->\r\n\r\n\r\n<!-- 2. Abschnitt, visuelle Navigation -->\r\n<div class=\"dkps_startnavi\">\r\n\t<div class=\"dkps_startnavi-wrap\">\r\n\t\t<div class=\"dkps_startnavi-box\">\r\n\t\t\t<div class=\"dkps_startnavi-button\">\r\n\t\t\t\t<img decoding=\"async\" class=\"dkps_startnavi-img\" src=\"\/wp-content\/dkps_dateien\/sites\/2\/visnavi-01.jpg\" alt=\"Kategoriebild Pauken\" \/>\r\n\t\t\t\t<div class=\"dkps_startnavi-text\">\r\n\t\t\t\t\t<a href=\"\/index.php\/de\/pauke\/\" title=\"zur Seite D\u00d6RFLER Kesselpauken\" ><span class=\"link-spanner\"><\/span>Pauken<\/a>\r\n\t\t\t\t<\/div>\r\n\t\t\t\t<div class=\"dkps_hoverlay\"><\/div>\r\n\t\t\t<\/div>\r\n\t\t<\/div>\r\n\t\t<div class=\"dkps_startnavi-box\">\r\n\t\t\t<div class=\"dkps_startnavi-button\">\r\n\t\t\t\t<img decoding=\"async\" class=\"dkps_startnavi-img\" src=\"\/wp-content\/dkps_dateien\/sites\/2\/visnavi-02.jpg\" alt=\"Kategoriebild Snaredrums\" \/>\r\n\t\t\t\t<div class=\"dkps_startnavi-text\">\r\n\t\t\t\t\t<a href=\"\/index.php\/de\/snaredrum\/\" title=\"zur Seite D\u00d6RFLER Snaredrums\" ><span class=\"link-spanner\"><\/span>Snaredrums<\/a>\r\n\t\t\t\t<\/div>\r\n\t\t\t\t<div class=\"dkps_hoverlay\"><\/div>\r\n\t\t\t<\/div>\r\n\t\t<\/div>\r\n\t\t<div class=\"dkps_startnavi-box\">\r\n\t\t\t<div class=\"dkps_startnavi-button\">\r\n\t\t\t\t<img decoding=\"async\" class=\"dkps_startnavi-img\" src=\"\/wp-content\/dkps_dateien\/sites\/2\/visnavi-03.jpg\" alt=\"Kategoriebild Gro\u00dfe Trommeln\" \/>\r\n\t\t\t\t<div class=\"dkps_startnavi-text\">\r\n\t\t\t\t\t<a href=\"\/index.php\/de\/bassdrum\/\" title=\"zur Seite D\u00d6RFLER Gro\u00dfe Trommeln\" ><span class=\"link-spanner\"><\/span>Gr. Trommeln<\/a>\r\n\t\t\t\t<\/div>\r\n\t\t\t\t<div class=\"dkps_hoverlay\"><\/div>\r\n\t\t\t<\/div>\r\n\t\t<\/div>\r\n\t\t<div class=\"dkps_startnavi-box\">\r\n\t\t\t<div class=\"dkps_startnavi-button\">\r\n\t\t\t\t<img decoding=\"async\" class=\"dkps_startnavi-img\" src=\"\/wp-content\/dkps_dateien\/sites\/2\/visnavi-04.jpg\" alt=\"Kategoriebild Naturfelle\" \/>\r\n\t\t\t\t<div class=\"dkps_startnavi-text\">\r\n\t\t\t\t\t<a href=\"\/index.php\/de\/naturfelle\/\" title=\"zur Seite Kalbs- und Ziegenfelle\" ><span class=\"link-spanner\"><\/span>Naturfelle<\/a>\r\n\t\t\t\t<\/div>\r\n\t\t\t\t<div class=\"dkps_hoverlay\"><\/div>\r\n\t\t\t<\/div>\r\n\t\t<\/div>\r\n\t\t<div class=\"dkps_startnavi-box\">\r\n\t\t\t<div class=\"dkps_startnavi-button\">\r\n\t\t\t\t<img decoding=\"async\" class=\"dkps_startnavi-img\" src=\"\/wp-content\/dkps_dateien\/sites\/2\/visnavi-05.jpg\" alt=\"Kategoriebild Schl\u00e4gel\" \/>\r\n\t\t\t\t<div class=\"dkps_startnavi-text\">\r\n\t\t\t\t\t<a href=\"\/index.php\/de\/category\/mallets\/\" title=\"zur Seite Sticks &amp; Mallets\" ><span class=\"link-spanner\"><\/span>Schl\u00e4gel<\/a>\r\n\t\t\t\t<\/div>\r\n\t\t\t\t<div class=\"dkps_hoverlay\"><\/div>\r\n\t\t\t<\/div>\r\n\t\t<\/div>\r\n\t\t<div class=\"dkps_startnavi-box\">\r\n\t\t\t<div class=\"dkps_startnavi-button\">\r\n\t\t\t\t<img decoding=\"async\" class=\"dkps_startnavi-img\" src=\"\/wp-content\/dkps_dateien\/sites\/2\/visnavi-06.jpg\" alt=\"Kategoriebild Referenzen\" \/>\r\n\t\t\t\t<div class=\"dkps_startnavi-text\">\r\n\t\t\t\t\t<a href=\"\/index.php\/de\/referenzen\/\" title=\"zur Seite Referenzen\" ><span class=\"link-spanner\"><\/span>Referenzen<\/a>\r\n\t\t\t\t<\/div>\r\n\t\t\t\t<div class=\"dkps_hoverlay\"><\/div>\r\n\t\t\t<\/div>\r\n\t\t<\/div>\r\n\t<\/div>\r\n<\/div>\r\n<!-- ENDE visuelle Navigation -->","protected":false},"excerpt":{"rendered":"<p>wurde 1991 von Christoph D\u00f6rfler gegr\u00fcndet, nachdem er sein Schlagwerk-Studium an der HdK bei Prof. Oswald Vogler und an der Orchesterakademie der Berliner Philharmoniker abgeschlossen hatte. Seine Erfahrungen als Musiker sind die Voraussetzung, um Ihnen Instrumente zu liefern, die Ihrer Klangvorstellung und dem vorgesehenen Einsatzzweck entsprechen. D\u00d6RFLER Klassik Percussion &amp; Service ist heute der f\u00fchrende [&hellip;]<\/p>\n","protected":false},"author":1,"featured_media":0,"parent":0,"menu_order":0,"comment_status":"closed","ping_status":"closed","template":"","meta":{"footnotes":""},"class_list":["post-2","page","type-page","status-publish","hentry"],"_links":{"self":[{"href":"https:\/\/www.klassik-percussion.de\/de\/wp-json\/wp\/v2\/pages\/2","targetHints":{"allow":["GET"]}}],"collection":[{"href":"https:\/\/www.klassik-percussion.de\/de\/wp-json\/wp\/v2\/pages"}],"about":[{"href":"https:\/\/www.klassik-percussion.de\/de\/wp-json\/wp\/v2\/types\/page"}],"author":[{"embeddable":true,"href":"https:\/\/www.klassik-percussion.de\/de\/wp-json\/wp\/v2\/users\/1"}],"replies":[{"embeddable":true,"href":"https:\/\/www.klassik-percussion.de\/de\/wp-json\/wp\/v2\/comments?post=2"}],"version-history":[{"count":19,"href":"https:\/\/www.klassik-percussion.de\/de\/wp-json\/wp\/v2\/pages\/2\/revisions"}],"predecessor-version":[{"id":1802,"href":"https:\/\/www.klassik-percussion.de\/de\/wp-json\/wp\/v2\/pages\/2\/revisions\/1802"}],"wp:attachment":[{"href":"https:\/\/www.klassik-percussion.de\/de\/wp-json\/wp\/v2\/media?parent=2"}],"curies":[{"name":"wp","href":"https:\/\/api.w.org\/{rel}","templated":true}]}}