{"id":19,"date":"2016-02-15T15:55:09","date_gmt":"2016-02-15T14:55:09","guid":{"rendered":"http:\/\/www.klassik-percussion.de\/de\/?page_id=19"},"modified":"2018-10-19T13:29:46","modified_gmt":"2018-10-19T11:29:46","slug":"referenzen","status":"publish","type":"page","link":"https:\/\/www.klassik-percussion.de\/de\/referenzen\/","title":{"rendered":"Referenzen"},"content":{"rendered":"<div class=\"dkps_zitat\">\r\n\t<div class=\"dkps_zitat-l\">\r\n\t\t<img decoding=\"async\" class=\"moewchen-vorne\" src=\"\/wp-content\/dkps_dateien\/sites\/2\/moewchen-vorne.jpg\" \/>\r\n\t<\/div>\r\n\t<div class=\"dkps_zitat-m\">\r\n\t\t<p>Nach langen und entbehrungsreichen (Pauken-) Jahren gibt es nun endlich Instrumente, die klanglich die Qualit\u00e4t der ehemaligen Ringer-Pauken \u00fcbertreffen. Tonumfang, Klangvolumen, Klangfarbe entsprechen vollkommen meinem Klangideal einer &raquo;romantischen&laquo; Orchesterpauke. Die in vielen Details verbesserte Technik, wie Zahnkranz mit feiner Teilung und einem exakt gef\u00fchrten Feinstimmer, erlaubt dem Pauker, auch kleinste Nuancen in der Stimmung zum Ausdruck zu bringen. Es ist ein Vergn\u00fcgen, auf diesen Instrumenten Musik zu machen.\r\n\t\t<\/p>\r\n\t<\/div>\r\n\t<div class=\"dkps_zitat-r\">\r\n\t\t<img decoding=\"async\" class=\"moewchen-hinten\" src=\"\/wp-content\/dkps_dateien\/sites\/2\/moewchen-hinten.jpg\" \/>\r\n\t<\/div>\r\n\t<div class=\"dkps_klar\"><\/div>\r\n\t<cite>\r\n\t\t&mdash; <strong>Prof. Rainer Seegers<\/strong><br>\r\n\t\tSolo-Pauker Berliner Philharmoniker, Hochschule f\u00fcr Musik &raquo;Hanns Eisler&laquo;, Berlin\r\n\t<\/cite>\r\n<\/div>\r\n\r\n<div class=\"dkps_zitat\">\r\n\t<div class=\"dkps_zitat-l\">\r\n\t\t<img decoding=\"async\" class=\"moewchen-vorne\" src=\"\/wp-content\/dkps_dateien\/sites\/2\/moewchen-vorne.jpg\" \/>\r\n\t<\/div>\r\n\t<div class=\"dkps_zitat-m\">\r\n\t\t<p>Endlich fetter Sound ohne Schnickschnack &ndash; ein Instrument vom Musiker f\u00fcr den Musiker. Die Pauken von Christoph D\u00f6rfler geh\u00f6ren ohne Zweifel zu den Besten, die heute gebaut werden.\r\n\t\t<\/p>\r\n\t<\/div>\r\n\t<div class=\"dkps_zitat-r\">\r\n\t\t<img decoding=\"async\" class=\"moewchen-hinten\" src=\"\/wp-content\/dkps_dateien\/sites\/2\/moewchen-hinten.jpg\" \/>\r\n\t<\/div>\r\n\t<div class=\"dkps_klar\"><\/div>\r\n\t<cite>\r\n\t\t&mdash; <strong>Wieland Welzel<\/strong><br>\r\n\t\tSolo-Pauker Berliner Philharmoniker\r\n\t<\/cite>\r\n<\/div>\r\n\r\n<div class=\"dkps_zitat\">\r\n\t<div class=\"dkps_zitat-l\">\r\n\t\t<img decoding=\"async\" class=\"moewchen-vorne\" src=\"\/wp-content\/dkps_dateien\/sites\/2\/moewchen-vorne.jpg\" \/>\r\n\t<\/div>\r\n\t<div class=\"dkps_zitat-m\">\r\n\t\t<p>Ich liebe den Klang der Instrumente von Christoph D\u00f6rfler. Ganz egal ob Pauken, Snaredrums oder Gro\u00dfe Trommeln: Die Vielseitigkeit der Sounds geben mir die Sicherheit, f\u00fcr jedes Konzert optimal vorbereitet zu sein.\r\n\t\t<\/p>\r\n\t<\/div>\r\n\t<div class=\"dkps_zitat-r\">\r\n\t\t<img decoding=\"async\" class=\"moewchen-hinten\" src=\"\/wp-content\/dkps_dateien\/sites\/2\/moewchen-hinten.jpg\" \/>\r\n\t<\/div>\r\n\t<div class=\"dkps_klar\"><\/div>\r\n\t<cite>\r\n\t\t&mdash; <strong>Prof. Li Biao<\/strong><br>\r\n\t\tInternationaler Solist, Central Conservatory of Music Peking, Hochschule f\u00fcr Musik &raquo;Hanns Eisler&laquo;, Berlin\r\n\t<\/cite>\r\n<\/div>\r\n\r\n<div class=\"dkps_zitat\">\r\n\t<div class=\"dkps_zitat-l\">\r\n\t\t<img decoding=\"async\" class=\"moewchen-vorne\" src=\"\/wp-content\/dkps_dateien\/sites\/2\/moewchen-vorne.jpg\" \/>\r\n\t<\/div>\r\n\t<div class=\"dkps_zitat-m\">\r\n\t\t<p>Das Orchester m\u00f6chte endlich einen neuen Satz Pauken anschaffen und ich darf den Hersteller aussuchen. Eine gro\u00dfe Freude, aber auch eine genauso gro\u00dfe Verantwortung. Gut, dass es die Orchester-Pauken von Christoph D\u00f6rfler gibt. Die sauber gearbeiteten Instrumente stehen nicht nur gut da, sie sind technisch ausgereift und besitzen diesen dunklen, diesen typisch <em>deutschen<\/em> Paukenklang wie keine anderen. \r\nDieser Sound hat mich schon als Kind fasziniert und ich bin sehr gl\u00fccklich, dass sich Christoph D\u00f6rfler dieser Tradition verpflichtet f\u00fchlt. Den Instrumentenservice und die freundschaftliche Beratung bei &raquo;Problemchen&laquo; erg\u00e4nzend gibt es nur ein Fazit: Die Orchester-Pauke von Christoph D\u00f6rfler ist die erste Wahl!\r\n\t\t<\/p>\r\n\t<\/div>\r\n\t<div class=\"dkps_zitat-r\">\r\n\t\t<img decoding=\"async\" class=\"moewchen-hinten\" src=\"\/wp-content\/dkps_dateien\/sites\/2\/moewchen-hinten.jpg\" \/>\r\n\t<\/div>\r\n\t<div class=\"dkps_klar\"><\/div>\r\n\t<cite>\r\n\t\t&mdash; <strong>Martin Schacht<\/strong><br>\r\n\t\tSolo-Pauker Sinfonieorchester Wuppertal\r\n\t<\/cite>\r\n<\/div>\r\n\r\n<div class=\"dkps_zitat\">\r\n\t<div class=\"dkps_zitat-l\">\r\n\t\t<img decoding=\"async\" class=\"moewchen-vorne\" src=\"\/wp-content\/dkps_dateien\/sites\/2\/moewchen-vorne.jpg\" \/>\r\n\t<\/div>\r\n\t<div class=\"dkps_zitat-m\">\r\n\t\t<p>Nachdem die Firma D\u00f6rfler ihren ersten Satz Pauken fertig gestellt hatte, freute ich mich, sie gleich in einem Konzert unseres Orchesters in der Berliner Philharmonie ausprobieren zu k\u00f6nnen. Mir hat es gro\u00dfen Spa\u00df gemacht, diese Pauken im Konzert zu spielen; der Sound und vor allem die Ansprache haben mich \u00fcberw\u00e4ltigt. Mein subjektiver Eindruck am Platz wurde mir von Kollegen, die sich im Saal befanden, in jedem Punkt best\u00e4tigt.\r\n\t\t<\/p>\r\n\t<\/div>\r\n\t<div class=\"dkps_zitat-r\">\r\n\t\t<img decoding=\"async\" class=\"moewchen-hinten\" src=\"\/wp-content\/dkps_dateien\/sites\/2\/moewchen-hinten.jpg\" \/>\r\n\t<\/div>\r\n\t<div class=\"dkps_klar\"><\/div>\r\n\t<cite>\r\n\t\t&mdash; <strong>Erich Trog<\/strong><br>\r\n\t\tSolo-Pauker Deutsches Symphonie-Orchester, Berlin\r\n\t<\/cite>\r\n<\/div>\r\n\r\n<div class=\"dkps_zitat\">\r\n\t<div class=\"dkps_zitat-l\">\r\n\t\t<img decoding=\"async\" class=\"moewchen-vorne\" src=\"\/wp-content\/dkps_dateien\/sites\/2\/moewchen-vorne.jpg\" \/>\r\n\t<\/div>\r\n\t<div class=\"dkps_zitat-m\">\r\n\t\t<p>Bereits w\u00e4hrend seines Studiums bei mir an der HdK Berlin und seinem sp\u00e4teren Konzertieren bei den Berliner Philharmonikern machte sich Christoph D\u00f6rfler Gedanken \u00fcber eine Perfektionierung der Berliner Pauke. Mit Interesse verfolgte ich die Entwicklung und die Fortschritte an seiner Neukonstruktion und konnte dann im Juni &#8217;97 mit gro\u00dfer Freude und Begeisterung seine neuen Instrumente bespielen. Das Resultat entspricht genau meiner Vorstellung eines Instrumentes &raquo;vom Musiker f\u00fcr den Musiker&laquo;, sowohl in technischer als auch vor allem in hervorragender klanglicher Qualit\u00e4t &ndash; wobei mich besonders die Homogenit\u00e4t des Klanges im gesamten Tonumfang des ganzen Vierer-Satzes beeindruckte.\r\n\t\t<\/p>\r\n\t<\/div>\r\n\t<div class=\"dkps_zitat-r\">\r\n\t\t<img decoding=\"async\" class=\"moewchen-hinten\" src=\"\/wp-content\/dkps_dateien\/sites\/2\/moewchen-hinten.jpg\" \/>\r\n\t<\/div>\r\n\t<div class=\"dkps_klar\"><\/div>\r\n\t<cite>\r\n\t\t&mdash; <strong>Prof. Oswald Vogler<\/strong><br>\r\n\t\tehemals Solo-Pauker Berliner Philharmoniker, Universit\u00e4t der K\u00fcnste, Berlin\r\n\t<\/cite>\r\n<\/div>\r\n\r\n<div class=\"dkps_zitat\">\r\n\t<div class=\"dkps_zitat-l\">\r\n\t\t<img decoding=\"async\" class=\"moewchen-vorne\" src=\"\/wp-content\/dkps_dateien\/sites\/2\/moewchen-vorne.jpg\" \/>\r\n\t<\/div>\r\n\t<div class=\"dkps_zitat-m\">\r\n\t\t<p>Seit l\u00e4ngerer Zeit spiele ich die Pauken von Christoph D\u00f6rfler nicht nur im eigenen Saal, sondern h\u00e4ufig auch auf Reisen. Dabei \u00fcberzeugt mich die Ausgewogenheit der Kessel, die erm\u00f6glicht, jede von mir gew\u00fcnschte Klangfarbe &ndash; selbst bei unterschiedlichsten akustischen Verh\u00e4ltnissen &ndash; zu realisieren. F\u00fcr besonders gelungen halte ich die komfortable Pedalmechanik, deren feine Rasterung, im Gegensatz zu anderen Pedall\u00f6sungen, schnelles Umstimmen &ndash; ohne korrigierendes Nachtreten &ndash; zul\u00e4sst. Der traditionelle F\u00fcnfersatz D\u00d6RFLER Pauken hat mich noch nie in die Verlegenheit gebracht, auf Zwischengr\u00f6\u00dfen zur\u00fcckgreifen zu m\u00fcssen. Aufgrund seiner eigenen Erfahrungen als Pauker ist es Christoph D\u00f6rfler gelungen, alle bisherigen &raquo;Pauker-W\u00fcnsche&laquo; wahr zu machen.\r\n\t\t<\/p>\r\n\t<\/div>\r\n\t<div class=\"dkps_zitat-r\">\r\n\t\t<img decoding=\"async\" class=\"moewchen-hinten\" src=\"\/wp-content\/dkps_dateien\/sites\/2\/moewchen-hinten.jpg\" \/>\r\n\t<\/div>\r\n\t<div class=\"dkps_klar\"><\/div>\r\n\t<cite>\r\n\t\t&mdash; <strong>Prof. Alexander Peter<\/strong><br>\r\n\t\tSolo-Pauker Dresdner Philharmonie, Hochschule f\u00fcr Musik &raquo;Franz Liszt&laquo;, Weimar\r\n\t<\/cite>\r\n<\/div>","protected":false},"excerpt":{"rendered":"<p>Nach langen und entbehrungsreichen (Pauken-) Jahren gibt es nun endlich Instrumente, die klanglich die Qualit\u00e4t der ehemaligen Ringer-Pauken \u00fcbertreffen. Tonumfang, Klangvolumen, Klangfarbe entsprechen vollkommen meinem Klangideal einer &raquo;romantischen&laquo; Orchesterpauke. Die in vielen Details verbesserte Technik, wie Zahnkranz mit feiner Teilung und einem exakt gef\u00fchrten Feinstimmer, erlaubt dem Pauker, auch kleinste Nuancen in der Stimmung zum [&hellip;]<\/p>\n","protected":false},"author":1,"featured_media":0,"parent":0,"menu_order":0,"comment_status":"closed","ping_status":"closed","template":"page-templates\/full-width.php","meta":{"footnotes":""},"class_list":["post-19","page","type-page","status-publish","hentry"],"_links":{"self":[{"href":"https:\/\/www.klassik-percussion.de\/de\/wp-json\/wp\/v2\/pages\/19","targetHints":{"allow":["GET"]}}],"collection":[{"href":"https:\/\/www.klassik-percussion.de\/de\/wp-json\/wp\/v2\/pages"}],"about":[{"href":"https:\/\/www.klassik-percussion.de\/de\/wp-json\/wp\/v2\/types\/page"}],"author":[{"embeddable":true,"href":"https:\/\/www.klassik-percussion.de\/de\/wp-json\/wp\/v2\/users\/1"}],"replies":[{"embeddable":true,"href":"https:\/\/www.klassik-percussion.de\/de\/wp-json\/wp\/v2\/comments?post=19"}],"version-history":[{"count":3,"href":"https:\/\/www.klassik-percussion.de\/de\/wp-json\/wp\/v2\/pages\/19\/revisions"}],"predecessor-version":[{"id":1345,"href":"https:\/\/www.klassik-percussion.de\/de\/wp-json\/wp\/v2\/pages\/19\/revisions\/1345"}],"wp:attachment":[{"href":"https:\/\/www.klassik-percussion.de\/de\/wp-json\/wp\/v2\/media?parent=19"}],"curies":[{"name":"wp","href":"https:\/\/api.w.org\/{rel}","templated":true}]}}