{"id":13,"date":"2016-02-15T15:49:06","date_gmt":"2016-02-15T14:49:06","guid":{"rendered":"http:\/\/www.klassik-percussion.de\/de\/?page_id=13"},"modified":"2022-02-07T13:04:23","modified_gmt":"2022-02-07T12:04:23","slug":"naturfelle","status":"publish","type":"page","link":"https:\/\/www.klassik-percussion.de\/de\/naturfelle\/","title":{"rendered":"Naturfelle <br class=\"dkps_umbruch\">f\u00fcr Pauken und Trommeln"},"content":{"rendered":"<div id=\"start\" class=\"dkps_67column-l\">\r\n\t<div class=\"dkps_content-l\">\r\n\t\t<p>\r\n\t\t\tNeben unserer langj\u00e4hrigen Expertise und einer gro\u00dfen Auswahl k\u00f6nnen wir Ihnen auch den gesamten Service rund um Naturfelle anbieten.\r\n\t\t<\/p>\r\n\t<\/div>\r\n<\/div>\r\n\r\n<div class=\"dkps_33column-r\">\r\n\t<div class=\"dkps_content-r\">\r\n\t\t<div class=\"dkps_buttonbox\">\r\n\t\t\t<a href=\"#kalfo\"><button class=\"dkps_navbutton\">Kalbfelle<\/button><\/a>\r\n\t\t\t<a href=\"#ziege\"><button class=\"dkps_navbutton\">Ziegenfelle<\/button><\/a>\r\n\t\t\t<a href=\"#service\"><button class=\"dkps_navbutton\">Service<\/button><\/a>\r\n\t\t<\/div>\r\n\t<\/div>\r\n<\/div>\r\n \r\n<div class=\"dkps_klar dkps_abstand\"><\/div>\r\n\r\n\r\n<div id=\"kalfo\">\r\n\t<h1>Kalbfelle<\/h1>\r\n\t<p>\r\n\t\tWir liefern ausschlie\u00dflich Kalbfelle des Herstellers KALFO, da diese nach wie vor unerreicht sind. Sie reagieren am wenigsten auf Luftfeuchtigkeit, halten die Spannung am besten und sind mit Abstand am genauesten gearbeitet. Deshalb klingen sie einfach am besten.\r\n\t<\/p>\r\n\t<div class=\"dkps_50column-l dkps_columnswap\">\r\n\t\t<div class=\"dkps_content-l\">\r\n\t\t\t<a href=\"\/wp-content\/dkps_dateien\/sites\/2\/felle-kalfo-super-timpani.jpg\" data-lbwps-width=\"1040\" data-lbwps-height=\"693\" data-lbwps-srcsmall=\"https:\/\/www.klassik-percussion.de\/de\/wp-content\/dkps_dateien\/sites\/2\/felle-kalfo-super-timpani-300x200.jpg\" data-lbwps-caption=\"Paukenfelle KALFO Super Timpani\">\r\n\t\t\t\t<img decoding=\"async\" id=\"kalfoimg\" src=\"\/wp-content\/dkps_dateien\/sites\/2\/felle-kalfo-super-timpani.jpg\" alt=\"Paukenfelle KALFO Super Timpani\" title=\"zum Vergr\u00f6\u00dfern bitte klicken\" \/>\r\n\t\t\t<\/a>\r\n\t\t<\/div>\r\n\t<\/div>\r\n\t<div class=\"dkps_50column-r dkps_columnswap\">\r\n\t\t<div class=\"dkps_content-r\">\r\n\t\t\t<h2>Paukenfelle <br class=\"dkps_umbruch\">KALFO Super Timpani<\/h2>\r\n\t\t\t<table>\r\n\t\t\t\t<tbody>\r\n\t\t\t\t\t<tr>\r\n\t\t\t\t\t\t<th>Durchmesser<\/th>\r\n\t\t\t\t\t\t<th>f\u00fcr Fellgr\u00f6\u00dfen<\/th>\r\n\t\t\t\t\t<\/tr>\r\n\t\t\t\t\t<tr>\r\n\t\t\t\t\t\t<td>71 cm<\/td>\r\n\t\t\t\t\t\t<td>bis 22&quot;<\/td>\r\n\t\t\t\t\t<\/tr>\r\n\t\t\t\t\t<tr>\r\n\t\t\t\t\t\t<td>76 cm<\/td>\r\n\t\t\t\t\t\t<td>bis 24&quot;<\/td>\r\n\t\t\t\t\t<\/tr>\r\n\t\t\t\t\t<tr>\r\n\t\t\t\t\t\t<td>81 cm<\/td>\r\n\t\t\t\t\t\t<td>bis 26&quot;<\/td>\r\n\t\t\t\t\t<\/tr>\r\n\t\t\t\t\t<tr>\r\n\t\t\t\t\t\t<td>86 cm<\/td>\r\n\t\t\t\t\t\t<td>bis 28&quot;<\/td>\r\n\t\t\t\t\t<\/tr>\r\n\t\t\t\t\t<tr>\r\n\t\t\t\t\t\t<td>91 cm<\/td>\r\n\t\t\t\t\t\t<td>bis 30&quot;<\/td>\r\n\t\t\t\t\t<\/tr>\r\n\t\t\t\t\t<tr>\r\n\t\t\t\t\t\t<td>96 cm<\/td>\r\n\t\t\t\t\t\t<td>bis 33&quot;<\/td>\r\n\t\t\t\t\t<\/tr>\r\n\t\t\t\t\t<tr>\r\n\t\t\t\t\t\t<td>100 cm<\/td>\r\n\t\t\t\t\t\t<td>bis 34&quot;<\/td>\r\n\t\t\t\t\t<\/tr>\r\n\t\t\t\t\t<tr>\r\n\t\t\t\t\t\t<td>104 cm<\/td>\r\n\t\t\t\t\t\t<td>bis 35&quot;<\/td>\r\n\t\t\t\t\t<\/tr>\r\n\t\t\t\t\t<tr>\r\n\t\t\t\t\t\t<td>107 cm<\/td>\r\n\t\t\t\t\t\t<td>ab 35&quot;<\/td>\r\n\t\t\t\t\t<\/tr>\r\n\t\t\t\t<\/tbody>\r\n\t\t\t<\/table>\r\n\t\t<\/div>\r\n\t<\/div>\r\n\t<div class=\"dkps_klar dkps_abstand\"><\/div>\r\n\t\r\n\t<div class=\"dkps_50column-l\">\r\n\t\t<div class=\"dkps_content-l\">\r\n\t\t\t<h2>Trommelfelle KALFO<\/h2>\r\n\t\t\t<h4 class=\"dkps_buendig\">Schlag- oder Resonanzfelle<\/h4>\r\n\t\t\t<table>\r\n\t\t\t\t<tbody>\r\n\t\t\t\t\t<tr>\r\n\t\t\t\t\t\t<th>Durchmesser<\/th>\r\n\t\t\t\t\t\t<th>f\u00fcr Fellgr\u00f6\u00dfen<\/th>\r\n\t\t\t\t\t<\/tr>\r\n\t\t\t\t\t<tr>\r\n\t\t\t\t\t\t<td>46 cm<\/td>\r\n\t\t\t\t\t\t<td>14&quot; bis 15&quot;<\/td>\r\n\t\t\t\t\t<\/tr>\r\n\t\t\t\t\t<tr>\r\n\t\t\t\t\t\t<td>51 cm<\/td>\r\n\t\t\t\t\t\t<td>16&quot;<\/td>\r\n\t\t\t\t\t<\/tr>\r\n\t\t\t\t<\/tbody>\r\n\t\t\t<\/table>\r\n\t\t<\/div>\r\n\t<\/div>\r\n\t<div class=\"dkps_50column-r\">\r\n\t\t<div class=\"dkps_content-r\">\r\n\t\t\t<h2>KALFO Felle <br class=\"dkps_umbruch\">f\u00fcr Gro\u00dfe Trommel<\/h2>\r\n\t\t\t<h4 class=\"dkps_buendig\">Schlag- oder Resonanzfelle<\/h4>\r\n\t\t\t<table>\r\n\t\t\t\t<tbody>\r\n\t\t\t\t\t<tr>\r\n\t\t\t\t\t\t<th>Durchmesser<\/th>\r\n\t\t\t\t\t\t<th>f\u00fcr Fellgr\u00f6\u00dfen<\/th>\r\n\t\t\t\t\t<\/tr>\r\n\t\t\t\t\t<tr>\r\n\t\t\t\t\t\t<td>96 cm<\/td>\r\n\t\t\t\t\t\t<td>bis 32&quot;<\/td>\r\n\t\t\t\t\t<\/tr>\r\n\t\t\t\t\t<tr>\r\n\t\t\t\t\t\t<td>100 cm<\/td>\r\n\t\t\t\t\t\t<td>bis 34&quot;<\/td>\r\n\t\t\t\t\t<\/tr>\r\n\t\t\t\t\t<tr>\r\n\t\t\t\t\t\t<td>104 cm<\/td>\r\n\t\t\t\t\t\t<td>bis 36&quot;<\/td>\r\n\t\t\t\t\t<\/tr>\r\n\t\t\t\t\t<tr>\r\n\t\t\t\t\t\t<td>110 cm<\/td>\r\n\t\t\t\t\t\t<td>bis 38&quot;<\/td>\r\n\t\t\t\t\t<\/tr>\r\n\t\t\t\t<\/tbody>\r\n\t\t\t<\/table>\r\n\t\t<\/div>\r\n\t<\/div>\r\n\t<div class=\"dkps_klar dkps_abstand\"><\/div>\r\n<\/div>\r\n\r\n<hr>\r\n\r\n<div id=\"ziege\">\r\n\t<h1>Ziegenfelle<\/h1>\r\n\t<p>\r\n\t\tHaben Ihren Ursprung in der Wiener Tradition des Paukenspiels. Heute erfreuen sie sich zunehmender Beliebtheit als Paukenfelle im vorklassischem Repertoire sowie als Schlagfelle f\u00fcr Gro\u00dfe Trommeln.\r\n\t<\/p>\r\n\t<div class=\"dkps_50column-l dkps_columnswap\">\r\n\t\t<div class=\"dkps_content-l\">\r\n\t\t\t<a href=\"\/wp-content\/dkps_dateien\/sites\/2\/felle-ziege.jpg\" data-lbwps-width=\"1040\" data-lbwps-height=\"693\" data-lbwps-srcsmall=\"https:\/\/www.klassik-percussion.de\/de\/wp-content\/dkps_dateien\/sites\/2\/felle-ziege-300x200.jpg\" data-lbwps-caption=\"Paukenfelle Ziege\">\r\n\t\t\t\t<img decoding=\"async\" id=\"ziegeimg\" src=\"\/wp-content\/dkps_dateien\/sites\/2\/felle-ziege.jpg\" alt=\"Paukenfelle Ziege\" title=\"zum Vergr\u00f6\u00dfern bitte klicken\"\/>\r\n\t\t\t<\/a>\r\n\t\t<\/div>\r\n\t<\/div>\r\n\t<div class=\"dkps_50column-r dkps_columnswap\">\r\n\t\t<div class=\"dkps_content-r\">\r\n\t\t\t<h2>Paukenfelle Ziege<\/h2>\r\n\t\t\t<table>\r\n\t\t\t\t<tbody>\r\n\t\t\t\t\t<tr>\r\n\t\t\t\t\t\t<th>Durchmesser<\/th>\r\n\t\t\t\t\t\t<th>f\u00fcr Fellgr\u00f6\u00dfen<\/th>\r\n\t\t\t\t\t<\/tr>\r\n\t\t\t\t\t<tr>\r\n\t\t\t\t\t\t<td>71 cm<\/td>\r\n\t\t\t\t\t\t<td>bis 22&quot;<\/td>\r\n\t\t\t\t\t<\/tr>\r\n\t\t\t\t\t<tr>\r\n\t\t\t\t\t\t<td>76 cm<\/td>\r\n\t\t\t\t\t\t<td>bis 24&quot;<\/td>\r\n\t\t\t\t\t<\/tr>\r\n\t\t\t\t\t<tr>\r\n\t\t\t\t\t\t<td>81 cm<\/td>\r\n\t\t\t\t\t\t<td>bis 26&quot;<\/td>\r\n\t\t\t\t\t<\/tr>\r\n\t\t\t\t\t<tr>\r\n\t\t\t\t\t\t<td>86 cm<\/td>\r\n\t\t\t\t\t\t<td>bis 28&quot;<\/td>\r\n\t\t\t\t\t<\/tr>\r\n\t\t\t\t\t<tr>\r\n\t\t\t\t\t\t<td>91 cm<\/td>\r\n\t\t\t\t\t\t<td>bis 30&quot;<\/td>\r\n\t\t\t\t\t<\/tr>\r\n\t\t\t\t\t<tr>\r\n\t\t\t\t\t\t<td>96 cm<\/td>\r\n\t\t\t\t\t\t<td>bis 33&quot;<\/td>\r\n\t\t\t\t\t<\/tr>\r\n\t\t\t\t\t<tr>\r\n\t\t\t\t\t\t<td>100 cm<\/td>\r\n\t\t\t\t\t\t<td>ab 33&quot;<\/td>\r\n\t\t\t\t\t<\/tr>\r\n\t\t\t\t<\/tbody>\r\n\t\t\t<\/table>\r\n\t\t<\/div>\r\n\t<\/div>\r\n\t<div class=\"dkps_klar dkps_abstand\"><\/div>\r\n\t<div class=\"dkps_50column-l\">\r\n\t\t<div class=\"dkps_content-l\">\r\n\t\t\t<h2 class=\"dkps_buendig\">Ziegenfelle f\u00fcr Gro\u00dfe Trommel<\/h2>\r\n\t\t\t<table>\r\n\t\t\t\t<tbody>\r\n\t\t\t\t\t<tr>\r\n\t\t\t\t\t\t<th>Durchmesser<\/th>\r\n\t\t\t\t\t\t<th>f\u00fcr Fellgr\u00f6\u00dfen<\/th>\r\n\t\t\t\t\t<\/tr>\r\n\t\t\t\t\t<tr>\r\n\t\t\t\t\t\t<td>96 cm<\/td>\r\n\t\t\t\t\t\t<td>bis 32&quot;<\/td>\r\n\t\t\t\t\t<\/tr>\r\n\t\t\t\t\t<tr>\r\n\t\t\t\t\t\t<td>100 cm<\/td>\r\n\t\t\t\t\t\t<td>bis 34&quot;<\/td>\r\n\t\t\t\t\t<\/tr>\r\n\t\t\t\t\t<tr>\r\n\t\t\t\t\t\t<td>105 cm<\/td>\r\n\t\t\t\t\t\t<td>bis 36&quot;<\/td>\r\n\t\t\t\t\t<\/tr>\r\n\t\t\t\t<\/tbody>\r\n\t\t\t<\/table>\r\n\t\t<\/div>\r\n\t<\/div>\r\n\t<div class=\"dkps_50column-r\">\r\n\t\t<div class=\"dkps_content-r\">\r\n\t\t<!-- rechte Spalte leer -->\r\n\t\t<\/div>\r\n\t<\/div>\r\n\t<div class=\"dkps_klar dkps_abstand\"><\/div>\r\n<\/div>\r\n\r\n<hr>\r\n\r\n<div id=\"service\">\r\n\t<h1>Service f\u00fcr Naturfelle<\/h1>\r\n\t<p>Zum Aufziehen von Naturfellen liefern wir Ringe aus eigener Herstellung, passend f\u00fcr s\u00e4mtliche Trommeln und Pauken, auch Sonderma\u00dfe:<\/p>\r\n\t<ul>\r\n\t\t<li>Fellringe f\u00fcr Pauken aller Gr\u00f6\u00dfen, Stahl verzinkt<\/li>\r\n\t\t<li>Fellringe f\u00fcr Gro\u00dfe Trommeln von 20&quot; bis 40&quot;, Stahl verzinkt<\/li>\r\n\t\t<li>Fellringe f\u00fcr Trommeln von 10&quot; bis 18&quot;, Stahl verzinkt<\/li>\r\n\t\t<li>Fellringe f\u00fcr &raquo;Dresdner&laquo; Trommeln, Stahl verzinkt<\/li>\r\n\t\t<li>Naturfelle auf Ringe fertig aufgezogen<\/li>\r\n\t<\/ul>\r\n<\/div>","protected":false},"excerpt":{"rendered":"<p>Neben unserer langj\u00e4hrigen Expertise und einer gro\u00dfen Auswahl k\u00f6nnen wir Ihnen auch den gesamten Service rund um Naturfelle anbieten. Kalbfelle Ziegenfelle Service Kalbfelle Wir liefern ausschlie\u00dflich Kalbfelle des Herstellers KALFO, da diese nach wie vor unerreicht sind. Sie reagieren am wenigsten auf Luftfeuchtigkeit, halten die Spannung am besten und sind mit Abstand am genauesten gearbeitet. [&hellip;]<\/p>\n","protected":false},"author":1,"featured_media":0,"parent":0,"menu_order":0,"comment_status":"closed","ping_status":"closed","template":"page-templates\/full-width.php","meta":{"footnotes":""},"class_list":["post-13","page","type-page","status-publish","hentry"],"_links":{"self":[{"href":"https:\/\/www.klassik-percussion.de\/de\/wp-json\/wp\/v2\/pages\/13","targetHints":{"allow":["GET"]}}],"collection":[{"href":"https:\/\/www.klassik-percussion.de\/de\/wp-json\/wp\/v2\/pages"}],"about":[{"href":"https:\/\/www.klassik-percussion.de\/de\/wp-json\/wp\/v2\/types\/page"}],"author":[{"embeddable":true,"href":"https:\/\/www.klassik-percussion.de\/de\/wp-json\/wp\/v2\/users\/1"}],"replies":[{"embeddable":true,"href":"https:\/\/www.klassik-percussion.de\/de\/wp-json\/wp\/v2\/comments?post=13"}],"version-history":[{"count":14,"href":"https:\/\/www.klassik-percussion.de\/de\/wp-json\/wp\/v2\/pages\/13\/revisions"}],"predecessor-version":[{"id":1781,"href":"https:\/\/www.klassik-percussion.de\/de\/wp-json\/wp\/v2\/pages\/13\/revisions\/1781"}],"wp:attachment":[{"href":"https:\/\/www.klassik-percussion.de\/de\/wp-json\/wp\/v2\/media?parent=13"}],"curies":[{"name":"wp","href":"https:\/\/api.w.org\/{rel}","templated":true}]}}