{"id":106,"date":"2016-04-26T11:57:03","date_gmt":"2016-04-26T09:57:03","guid":{"rendered":"http:\/\/www.klassik-percussion.de\/de\/?page_id=106"},"modified":"2022-02-01T12:17:57","modified_gmt":"2022-02-01T11:17:57","slug":"bassdrum","status":"publish","type":"page","link":"https:\/\/www.klassik-percussion.de\/de\/bassdrum\/","title":{"rendered":"D\u00d6RFLER <br class=\"dkps_umbruch\">Symphonic Bassdrums"},"content":{"rendered":"<div class=\"dkps_abstand\">\r\n\t<p>\r\n\t\tEntwickelt als Antwort auf die Bitte vieler Musiker, die Tradition des Hamburger Instrumentenbauers Harms wiederzubeleben, verbinden D\u00d6RFLER Gro\u00dfe Orchestertrommeln \u00dcberbrachtes mit dem heutigen Stand der Technik.\r\n\t<\/p>\r\n<\/div>\r\n\r\n<div class=\"dkps_50column-l\">\r\n\t<div class=\"dkps_content-l\" id=\"dkps_bd-img\">\r\n\t\t<a href=\"\/wp-content\/dkps_dateien\/sites\/2\/bd-grossetrommel.jpg\" data-lbwps-width=\"1040\" data-lbwps-height=\"1387\" data-lbwps-srcsmall=\"https:\/\/www.klassik-percussion.de\/de\/wp-content\/dkps_dateien\/sites\/2\/bd-grossetrommel-225x300.jpg\" data-lbwps-caption=\"&lt;strong&gt;D\u00d6RFLER Symphonic Bassdrum&lt;\/strong&gt;&lt;br \/&gt;\nModell BD 8156\">\r\n\t\t\t<img decoding=\"async\" class=\"dkps_keinrand\" src=\"\/wp-content\/dkps_dateien\/sites\/2\/bd-grossetrommel-vorschau.jpg\" alt=\"Gro\u00dfe Trommel D\u00d6RFLER\" title=\"zum Vergr\u00f6\u00dfern bitte klicken\" \/>\r\n\t\t<\/a>\r\n\t<\/div>\r\n<\/div>\r\n\r\n<div class=\"dkps_50column-r\">\r\n\t<div class=\"dkps_content-r\">\r\n\t\t<p>\r\n\t\t\t<strong>Kessel<\/strong><br>\r\n\t\t\tKessel aus Birke, in Verbindung mit tiefen Kesselma\u00dfen, orientieren sich an Merkmalen, die schon vor 50 Jahren Garant f\u00fcr einen warmen, vollen Klang waren, ohne einen satten, pr\u00e4zisen Anschlag vermissen zu lassen.\r\n\t\t<\/p>\r\n\t\t<p>\r\n\t\t\t<strong>Mechanik<\/strong><br>\r\n\t\t\tFelldruck- und Wickelreifen aus massivem Stahl erlauben nur noch 8 Spannschrauben. Daraus resultiert eine erhebliche Erleichterung des Stimmens bei gleichm\u00e4\u00dfiger Fellspannung.\r\n\t\t<\/p>\r\n\t\t<p>\r\n\t\t\t<strong>Felle<\/strong><br>\r\n\t\t\tDurch freie Auswahl bei den Fellen &ndash; Kalb, Ziege, Kunststoff oder einer Kombination &ndash; kann die Trommel zus\u00e4tzlich den individuellen Klangvorstellungen angepasst werden.\r\n\t\t<\/p>\r\n\t\t<p>\r\n\t\t\t<strong>St\u00e4nderwagen<\/strong><br>\r\n\t\t\tDer St\u00e4nder besteht komplett aus Edelstahl. Gro\u00df dimensionierte Eckverbinder verhindern jegliches &raquo;Eigenleben&laquo;. Stabile Knebelgriffe erlauben ein sicheres und schnelles Feststellen der Trommel in jeder Schwenkposition. Auf Wunsch sind 2 oder 4 totalfeststellbare Rollen montiert, die den Transport erleichtern.\r\n\t\t<\/p>\r\n\t<\/div>\r\n<\/div>\r\n \r\n<div class=\"dkps_klar dkps_abstand\"><\/div>\r\n\r\n\r\n<div class=\"dkps_50column-l\">\r\n\t<div class=\"dkps_content-l\">\r\n\t\t<h2>AUSSTATTUNG<\/h2>\r\n\t\t<ul>\r\n\t\t\t<li>Kessel aus Buche mit Verst\u00e4rkungsringen<\/li>\r\n\t\t\t<li>Oberfl\u00e4che schwarz gebeizt und gewachst, seidenmatt<\/li>\r\n\t\t\t<li>Stahl-Druckreifen<\/li>\r\n\t\t\t<li>Felle KALFO oder Ziege nach Wunsch (REMO Renaissance auf Anfrage)<\/li>\r\n\t\t\t<li>Edelstahl-St\u00e4nderwagen auf 4 Lenkrollen mit Totalstopp<\/li>\r\n\t\t\t<li>Trommel um 360&deg; drehbar<\/li>\r\n\t\t<\/ul>\r\n\t\t<h3>Zusatz-Ausstattung<\/h3>\r\n\t\t<ul>\r\n\t\t\t<li>Beckenhalter, einstellbar<\/li>\r\n\t\t\t<li>Flightcase<\/li>\r\n\t\t<\/ul>\r\n\t<\/div>\r\n<\/div>\r\n<div class=\"dkps_50column-r\">\r\n\t<div class=\"dkps_content-r\">\r\n\t\t<h2>GR\u00d6SSEN<\/h2>\r\n\t\t<table>\r\n\t\t\t<tbody>\r\n\t\t\t\t<tr>\r\n\t\t\t\t\t<th>Modell<\/th>\r\n\t\t\t\t\t<th colspan=\"2\">Kesselma\u00df<\/th>\r\n\t\t\t\t<\/tr>\r\n\t\t\t\t<tr>\r\n\t\t\t\t\t<td>BD 8156<\/td>\r\n\t\t\t\t\t<td>81 cm x 56 cm<\/td>\r\n\t\t\t\t\t<td>32&quot; x 22&quot;<\/td>\r\n\t\t\t\t<\/tr>\r\n\t\t\t\t<tr>\r\n\t\t\t\t\t<td>BD 9060<\/td>\r\n\t\t\t\t\t<td>90 cm x 60 cm<\/td>\r\n\t\t\t\t\t<td>36&quot; x 24&quot;<\/td>\r\n\t\t\t\t<\/tr>\r\n\t\t\t<\/tbody>\r\n\t\t<\/table>\r\n\t\t<p>\r\n\t\t\tIndividuelle Kesselgr\u00f6\u00dfen auf Anfrage\r\n\t\t<\/p>\r\n\t<\/div>\r\n<\/div>\r\n<div class=\"dkps_klar\"><\/div>","protected":false},"excerpt":{"rendered":"<p>Entwickelt als Antwort auf die Bitte vieler Musiker, die Tradition des Hamburger Instrumentenbauers Harms wiederzubeleben, verbinden D\u00d6RFLER Gro\u00dfe Orchestertrommeln \u00dcberbrachtes mit dem heutigen Stand der Technik. Kessel Kessel aus Birke, in Verbindung mit tiefen Kesselma\u00dfen, orientieren sich an Merkmalen, die schon vor 50 Jahren Garant f\u00fcr einen warmen, vollen Klang waren, ohne einen satten, pr\u00e4zisen [&hellip;]<\/p>\n","protected":false},"author":1,"featured_media":0,"parent":0,"menu_order":0,"comment_status":"closed","ping_status":"closed","template":"page-templates\/full-width.php","meta":{"footnotes":""},"class_list":["post-106","page","type-page","status-publish","hentry"],"_links":{"self":[{"href":"https:\/\/www.klassik-percussion.de\/de\/wp-json\/wp\/v2\/pages\/106","targetHints":{"allow":["GET"]}}],"collection":[{"href":"https:\/\/www.klassik-percussion.de\/de\/wp-json\/wp\/v2\/pages"}],"about":[{"href":"https:\/\/www.klassik-percussion.de\/de\/wp-json\/wp\/v2\/types\/page"}],"author":[{"embeddable":true,"href":"https:\/\/www.klassik-percussion.de\/de\/wp-json\/wp\/v2\/users\/1"}],"replies":[{"embeddable":true,"href":"https:\/\/www.klassik-percussion.de\/de\/wp-json\/wp\/v2\/comments?post=106"}],"version-history":[{"count":14,"href":"https:\/\/www.klassik-percussion.de\/de\/wp-json\/wp\/v2\/pages\/106\/revisions"}],"predecessor-version":[{"id":1777,"href":"https:\/\/www.klassik-percussion.de\/de\/wp-json\/wp\/v2\/pages\/106\/revisions\/1777"}],"wp:attachment":[{"href":"https:\/\/www.klassik-percussion.de\/de\/wp-json\/wp\/v2\/media?parent=106"}],"curies":[{"name":"wp","href":"https:\/\/api.w.org\/{rel}","templated":true}]}}