{"id":10,"date":"2016-02-15T15:47:21","date_gmt":"2016-02-15T14:47:21","guid":{"rendered":"http:\/\/www.klassik-percussion.de\/de\/?page_id=10"},"modified":"2021-08-10T12:36:04","modified_gmt":"2021-08-10T10:36:04","slug":"snaredrum","status":"publish","type":"page","link":"https:\/\/www.klassik-percussion.de\/de\/snaredrum\/","title":{"rendered":"D\u00d6RFLER <br class=\"dkps_umbruch\">Symphonic Snaredrums"},"content":{"rendered":"<div class=\"dkps_abstand\">\r\n\t<p>\r\n\t\tSpeziell f\u00fcr den Konzertbetrieb konzipiert, weisen D\u00d6RFLER Symphonic Snaredrums zahlreiche konsequent gestaltete Details aus, die sie wie keine andere Trommel f\u00fcr den Orchestereinsatz pr\u00e4destinieren.\r\n\t<\/p>\r\n<\/div>\r\n\r\n<div style=\"width: 970px\" class=\"wp-caption alignnone dkps_imgcaption\"><a href=\"\/wp-content\/dkps_dateien\/sites\/2\/snaredrum-01.jpg\" data-lbwps-width=\"1040\" data-lbwps-height=\"780\" data-lbwps-srcsmall=\"https:\/\/www.klassik-percussion.de\/de\/wp-content\/dkps_dateien\/sites\/2\/snaredrum-01-300x225.jpg\" data-lbwps-caption=\"&lt;strong&gt;D\u00d6RFLER Symphonic Snaredrum&lt;\/strong&gt;&lt;br \/&gt;\nModell SCD 614\">\r\n\t<img decoding=\"async\" src=\"\/wp-content\/dkps_dateien\/sites\/2\/snaredrum-01.jpg\" alt=\"D\u00d6RFLER Symphonic Snaredrum 6x14\" title=\"zum Vergr\u00f6\u00dfern bitte klicken\" \/>\r\n<\/a><p class=\"wp-caption-text\">D\u00d6RFLER Symphonic Snaredrum 6&quot; x 14&quot;<\/p><\/div>\r\n\r\n<p>\r\n\t<strong>Kessel<\/strong><br>\r\n\tDer Klangk\u00f6rper ist aus mehrfach verleimtem, jedoch insgesamt nur ca. 6 mm dickem Buchenholz gefertigt. Er erzielt so gr\u00f6\u00dftm\u00f6gliches Klangvolumen und gibt der Trommel ihren charaktervoll warmen, aber dennoch pr\u00e4zisen Klang, Eine Vielzahl der zur Auswahl stehenden Kesselgr\u00f6\u00dfen erlaubt die optimale Abstimmung auf das jeweils zu spielende Werk.\r\n<\/p>\r\n<p>\r\n\t<strong>Saiten<\/strong><br>\r\n\tDie Auflagefl\u00e4chen der Saiten &ndash; sog. Snarebeds &ndash; werden handgeschnitten und k\u00f6nnen so auf den individuellen Einsatz jeder einzelnen Trommel abgestimmt werden. Au\u00dferdem sind sie Grundvoraussetzung f\u00fcr die exakte Trennung einzelner Anschl\u00e4ge. Aus dem gleichen Grund werden Druckringe aus einer speziellen Gusslegierung verwendet. Sie halten \u00fcber je 10 Spannschrauben selbst h\u00f6chste Fellspannungen stabil und erm\u00f6glichen problemlos den Einsatz von Naturfellen. Schlie\u00dflich kommen anstatt des f\u00fcr den Konzertgebrauch ungeeigneten Spiralteppichs einzelne Saiten zum Einsatz. Nur sie gew\u00e4hren eine feine, in allen Dynamikregistern pr\u00e4zise trennende Ansprache.\r\n<\/p>\r\n<p>\r\n\t<strong>Mechanik<\/strong><br>\r\n\tDie Saiten werden in der speziell entwickelten Abhebung gehalten, welche mit Sicherheit die leiseste ihrer Art ist. Selbst in Pianissimo-Passagen entstehen beim An- und Abschalten der Saiten keine st\u00f6renden Ger\u00e4usche. Die massive Saitenklemmung garantiert eine gleichbleibende Spannung. \u00dcber eine gro\u00dfe R\u00e4ndelschraube l\u00e4sst sich die Saitenspannung schnell und feinf\u00fchlig justieren.\r\n<\/p>\r\n\r\n<div class=\"dkps_50column-l\">\r\n\t<div class=\"dkps_content-l\">\r\n\t\t<div style=\"width: 482px\" class=\"wp-caption alignnone dkps_imgcaption\"><a href=\"\/wp-content\/dkps_dateien\/sites\/2\/snaredrum-02.jpg\" data-lbwps-width=\"1040\" data-lbwps-height=\"693\" data-lbwps-srcsmall=\"https:\/\/www.klassik-percussion.de\/de\/wp-content\/dkps_dateien\/sites\/2\/snaredrum-02-300x200.jpg\" data-lbwps-caption=\"&lt;strong&gt;D\u00d6RFLER Symphonic Snaredrums&lt;\/strong&gt;&lt;br \/&gt;\nBuchenholzkessel\">\r\n\t\t\t<img decoding=\"async\" src=\"\/wp-content\/dkps_dateien\/sites\/2\/snaredrum-02.jpg\" alt=\"Klangk\u00f6rper aus Buchenholz\" title=\"zum Vergr\u00f6\u00dfern bitte klicken\" \/>\r\n\t\t<\/a><p class=\"wp-caption-text\">Klangk\u00f6rper aus hochwertigem, mehrfach verleimtem Buchenholz<\/p><\/div>\r\n\t<\/div>\r\n<\/div>\r\n<div class=\"dkps_50column-r\">\r\n\t<div class=\"dkps_content-r\">\r\n\t\t<div style=\"width: 482px\" class=\"wp-caption alignnone dkps_imgcaption\"><a href=\"\/wp-content\/dkps_dateien\/sites\/2\/snaredrum-03.jpg\" data-lbwps-width=\"1040\" data-lbwps-height=\"693\" data-lbwps-srcsmall=\"https:\/\/www.klassik-percussion.de\/de\/wp-content\/dkps_dateien\/sites\/2\/snaredrum-03-300x200.jpg\" data-lbwps-caption=\"&lt;strong&gt;D\u00d6RFLER Symphonic Snaredrums&lt;\/strong&gt;&lt;br \/&gt;\nnaturfarbene, sowie rot und schwarz gebeizte Modelle\">\r\n\t\t\t<img decoding=\"async\" src=\"\/wp-content\/dkps_dateien\/sites\/2\/snaredrum-03.jpg\" alt=\"D\u00d6RFLER Snaredrums mit farbig gebeizten Kesseln\" title=\"zum Vergr\u00f6\u00dfern bitte klicken\" \/>\r\n\t\t<\/a><p class=\"wp-caption-text\">D\u00d6RFLER Snaredrums sind auch mit farbig gebeizten Kesseln erh\u00e4ltlich.<\/p><\/div>\r\n\t<\/div>\r\n<\/div>\r\n<div class=\"dkps_klar dkps_abstand\"><\/div>\r\n\r\n<div class=\"dkps_50column-l\">\r\n\t\t<div class=\"dkps_content-l\">\r\n\t\t\t<h2>AUSSTATTUNG<\/h2>\r\n\t\t\t<ul>\r\n\t\t\t\t<li>Kessel Buche gewachst<\/li>\r\n\t\t\t\t<li>Custom Symphonic-Abhebung<\/li>\r\n\t\t\t\t<li>Gussspannreifen<\/li>\r\n\t\t\t\t<li>Cable Snares<\/li>\r\n\t\t\t\t<li>Schlagfell REMO Renaissance Diplomat<\/li>\r\n\t\t\t\t<li>Resonanzfell REMO Diplomat<\/li>\r\n\t\t\t\t<li>Farbe Buche Natur<\/li>\r\n\t\t\t<\/ul>\r\n\t\t\t<h3>Sonderausstattung:<\/h3>\r\n\t\t\t<ul>\r\n\t\t\t\t<li>Naturfell KALFO<\/li>\r\n\t\t\t\t<li>Besaitung Seide umsponnen<\/li>\r\n\t\t\t\t<li>Farbe gebeizt rot, blau, schwarz oder gr\u00fcn<\/li>\r\n\t\t\t<\/ul>\r\n\t\t<\/div>\r\n\t<\/div>\r\n\t<div class=\"dkps_50column-r\">\r\n\t\t<div class=\"dkps_content-r\">\r\n\t\t\t<h2>GR\u00d6SSEN<\/h2>\r\n\t\t\t<table>\r\n\t\t\t\t<tbody>\r\n\t\t\t\t\t<tr>\r\n\t\t\t\t\t\t<th>Modell<\/th><th>Gr\u00f6\u00dfe<\/th>\r\n\t\t\t\t\t<\/tr>\r\n\t\t\t\t\t<tr>\r\n\t\t\t\t\t\t<td>SCD 413<\/td><td>4&quot; x 13&quot;<\/td>\r\n\t\t\t\t\t<\/tr>\r\n\t\t\t\t\t<tr>\r\n\t\t\t\t\t\t<td>SCD 514<\/td><td>5&quot; x 14&quot;<\/td>\r\n\t\t\t\t\t<\/tr>\r\n\t\t\t\t\t<tr>\r\n\t\t\t\t\t\t<td>SCD 614<\/td><td>6&quot; x 14&quot;<\/td>\r\n\t\t\t\t\t<\/tr>\r\n\t\t\t\t\t<tr>\r\n\t\t\t\t\t\t<td>SCD 714<\/td><td>7&quot; x 14&quot;<\/td>\r\n\t\t\t\t\t<\/tr>\r\n\t\t\t\t\t<tr>\r\n\t\t\t\t\t\t<td>SCD 1214<\/td><td>12&quot; x 14&quot; &emsp; Tenor-Trommel<\/td>\r\n\t\t\t\t\t<\/tr>\r\n\t\t\t\t\t<tr>\r\n\t\t\t\t\t\t<td>SCD 1814<\/td><td>18&quot; x 14&quot; &emsp; R\u00fchr-Trommel<\/td>\r\n\t\t\t\t\t<\/tr>\r\n\t\t\t\t\t<tr>\r\n\t\t\t\t\t\t<td>SCD 1215<\/td><td>12&quot; x 15&quot; &emsp; Tenor-Trommel<\/td>\r\n\t\t\t\t\t<\/tr>\r\n\t\t\t\t\t<tr>\r\n\t\t\t\t\t\t<td>SCD 1815<\/td><td>18&quot; x 15&quot; &emsp; R\u00fchr-Trommel<\/td>\r\n\t\t\t\t\t<\/tr>\r\n\t\t\t\t<\/tbody>\r\n\t\t\t<\/table>\r\n\t\t\t<p>\r\n\t\t\tSonderanfertigungen auf Anfrage\r\n\t\t\t<\/p>\r\n\t\t<\/div>\r\n\t<\/div>\r\n\t<div class=\"dkps_klar\"><\/div>","protected":false},"excerpt":{"rendered":"<p>Speziell f\u00fcr den Konzertbetrieb konzipiert, weisen D\u00d6RFLER Symphonic Snaredrums zahlreiche konsequent gestaltete Details aus, die sie wie keine andere Trommel f\u00fcr den Orchestereinsatz pr\u00e4destinieren. Kessel Der Klangk\u00f6rper ist aus mehrfach verleimtem, jedoch insgesamt nur ca. 6 mm dickem Buchenholz gefertigt. Er erzielt so gr\u00f6\u00dftm\u00f6gliches Klangvolumen und gibt der Trommel ihren charaktervoll warmen, aber dennoch pr\u00e4zisen [&hellip;]<\/p>\n","protected":false},"author":1,"featured_media":0,"parent":0,"menu_order":0,"comment_status":"closed","ping_status":"closed","template":"page-templates\/full-width.php","meta":{"footnotes":""},"class_list":["post-10","page","type-page","status-publish","hentry"],"_links":{"self":[{"href":"https:\/\/www.klassik-percussion.de\/de\/wp-json\/wp\/v2\/pages\/10","targetHints":{"allow":["GET"]}}],"collection":[{"href":"https:\/\/www.klassik-percussion.de\/de\/wp-json\/wp\/v2\/pages"}],"about":[{"href":"https:\/\/www.klassik-percussion.de\/de\/wp-json\/wp\/v2\/types\/page"}],"author":[{"embeddable":true,"href":"https:\/\/www.klassik-percussion.de\/de\/wp-json\/wp\/v2\/users\/1"}],"replies":[{"embeddable":true,"href":"https:\/\/www.klassik-percussion.de\/de\/wp-json\/wp\/v2\/comments?post=10"}],"version-history":[{"count":17,"href":"https:\/\/www.klassik-percussion.de\/de\/wp-json\/wp\/v2\/pages\/10\/revisions"}],"predecessor-version":[{"id":1738,"href":"https:\/\/www.klassik-percussion.de\/de\/wp-json\/wp\/v2\/pages\/10\/revisions\/1738"}],"wp:attachment":[{"href":"https:\/\/www.klassik-percussion.de\/de\/wp-json\/wp\/v2\/media?parent=10"}],"curies":[{"name":"wp","href":"https:\/\/api.w.org\/{rel}","templated":true}]}}